{"id":12,"date":"2015-08-27T20:42:29","date_gmt":"2015-08-27T19:42:29","guid":{"rendered":"http:\/\/datblack.com\/?page_id=12"},"modified":"2022-06-18T05:38:50","modified_gmt":"2022-06-18T04:38:50","slug":"tarif","status":"publish","type":"page","link":"https:\/\/leventdunord.ca\/en\/tarif\/","title":{"rendered":"Tarif"},"content":{"rendered":"<table cellspacing=\"10\">\n<tbody>\n<tr>\n<td class=\"titre\" align=\"center\" width=\"595\">\n<p class=\"titre\" style=\"text-align: center;\">TARIF \u00c0 PARTIR DE<\/p>\n<\/td>\n<\/tr>\n<tr>\n<td align=\"center\">\n<table class=\"tableau_tarif\" style=\"height: 868px;\" width=\"591\">\n<tbody>\n<tr>\n<td class=\"titre_tarif\" style=\"text-align: center;\" width=\"170\" height=\"40\">unit\u00e9<\/td>\n<td class=\"titre_tarif\" style=\"text-align: center;\">\u00e0 la semaine<br \/>\n<span class=\"copyright\">\u00c0 PARTIR DE<br \/>\n<\/span><\/td>\n<td class=\"titre_tarif\" style=\"text-align: center;\">\u00e0 la nuit<br \/>\n<span class=\"copyright\">\u00c0 PARTIR DE<br \/>\n<\/span><\/td>\n<td class=\"titre_tarif\" style=\"text-align: center;\">No\u00ebl<br \/>\n<span class=\"copyright\">\u00c0 PARTIR DE<br \/>\n<\/span><\/td>\n<td class=\"titre_tarif\" style=\"text-align: center;\" width=\"100\">capacit\u00e9<\/td>\n<\/tr>\n<tr>\n<td class=\"border_tarif_left\">\n<p style=\"text-align: center;\">Le Balcon<\/p>\n<p style=\"text-align: center;\">Tarif pour 2 invit\u00e9<\/p>\n<\/td>\n<td class=\"border_tarif\" style=\"text-align: center;\">139,00$<\/td>\n<td class=\"border_tarif\" style=\"text-align: center;\">149,00$<\/td>\n<td class=\"border_tarif\" style=\"text-align: center;\">199,00$<\/td>\n<td class=\"border_tarif\" style=\"text-align: center;\">1 \u00e0 2 invit\u00e9<\/td>\n<\/tr>\n<tr>\n<td class=\"border_tarif_left\">\n<p style=\"text-align: center;\">La Terrasse<\/p>\n<p style=\"text-align: center;\">Tarif pour 2 invit\u00e9s<\/p>\n<\/td>\n<td class=\"border_tarif\" style=\"text-align: center;\">139,00$<\/td>\n<td class=\"border_tarif\" style=\"text-align: center;\">149,00$<\/td>\n<td class=\"border_tarif\" style=\"text-align: center;\">199,00$<\/td>\n<td class=\"border_tarif\" style=\"text-align: center;\">invit\u00e9s additionnelles<\/p>\n<p>$20.00<\/td>\n<\/tr>\n<tr>\n<td class=\"border_tarif_left\" style=\"text-align: center;\">Le Studio<\/p>\n<p>Tarif pour 2 invit\u00e9s<\/td>\n<td class=\"border_tarif\" style=\"text-align: center;\">159,00$<\/td>\n<td class=\"border_tarif\" style=\"text-align: center;\">169,00$<\/td>\n<td class=\"border_tarif\" style=\"text-align: center;\">229,00$<\/td>\n<td class=\"border_tarif\" style=\"text-align: center;\">1 \u00e0 2\u00a0 invit\u00e9s<\/td>\n<\/tr>\n<tr>\n<td class=\"border_tarif_left\" style=\"text-align: center;\">La Mezzanine<\/p>\n<p>Tarif pour 2 invit\u00e9s<\/td>\n<td class=\"border_tarif\" style=\"text-align: center;\">159,00$<\/td>\n<td class=\"border_tarif\" style=\"text-align: center;\">169,00$<\/td>\n<td class=\"border_tarif\" style=\"text-align: center;\">229,00$<\/td>\n<td class=\"border_tarif\" style=\"text-align: center;\">invit\u00e9s additionnelles<\/p>\n<p>$25.00<\/td>\n<\/tr>\n<tr>\n<td class=\"border_tarif_left\" style=\"text-align: center;\">Le Foyer<\/p>\n<p>Tarif pour 2 invit\u00e9s<\/td>\n<td class=\"border_tarif\" style=\"text-align: center;\">169,00$<\/td>\n<td class=\"border_tarif\" style=\"text-align: center;\">179,00$<\/td>\n<td class=\"border_tarif\" style=\"text-align: center;\">249,00$<\/td>\n<td class=\"border_tarif\" style=\"text-align: center;\">Invit\u00e9s additionnelles<\/p>\n<p>$25.00<\/td>\n<\/tr>\n<tr>\n<td class=\"border_tarif_left\" style=\"text-align: center;\">Le Loft<\/p>\n<p>Tarif pour 2 invit\u00e9s<\/td>\n<td class=\"border_tarif\" style=\"text-align: center;\">189,00$<\/td>\n<td class=\"border_tarif\" style=\"text-align: center;\">209,00$<\/td>\n<td class=\"border_tarif\" style=\"text-align: center;\">289,00$<\/td>\n<td class=\"border_tarif\" style=\"text-align: center;\">Invit\u00e9s additionnelles<\/p>\n<p>$50.00<\/td>\n<\/tr>\n<tr>\n<td class=\"border_tarif_left\" style=\"text-align: center;\">Suite 1 chambre<\/p>\n<p>Tarif pour 2 invit\u00e9s<\/td>\n<td class=\"border_tarif\" style=\"text-align: center;\">179,00$<\/td>\n<td class=\"border_tarif\" style=\"text-align: center;\">189,00$<\/td>\n<td class=\"border_tarif\" style=\"text-align: center;\">279,00$<\/td>\n<td class=\"border_tarif\" style=\"text-align: center;\">Invit\u00e9s additionnelles<\/p>\n<p>$30.00<\/td>\n<\/tr>\n<tr>\n<td class=\"border_tarif_left\" style=\"text-align: center;\">Suite 2 chambres<\/p>\n<p>Tarif pour 4 invit\u00e9s<\/td>\n<td class=\"border_tarif\" style=\"text-align: center;\">259,00$<\/td>\n<td class=\"border_tarif\" style=\"text-align: center;\">309,00$<\/td>\n<td class=\"border_tarif\" style=\"text-align: center;\">525,00$<\/td>\n<td class=\"border_tarif\" style=\"text-align: center;\">2 \u00e0 4 invit\u00e9<\/td>\n<\/tr>\n<tr>\n<td class=\"border_tarif_left\" style=\"text-align: center;\">Chalet 3 chambres<\/p>\n<p>Tarif pour 6 invit\u00e9s<\/td>\n<td class=\"border_tarif\" style=\"text-align: center;\">349,00$<\/td>\n<td class=\"border_tarif\" style=\"text-align: center;\">399,00$<\/td>\n<td class=\"border_tarif\" style=\"text-align: center;\">799,00$<\/td>\n<td class=\"border_tarif\" style=\"text-align: center;\">Invit\u00e9s additionnelles<\/p>\n<p>$50.00<\/td>\n<\/tr>\n<tr>\n<td class=\"border_tarif_left\" style=\"text-align: center;\">Chalet 5 chambres<\/p>\n<p>Tarif pour 10 invit\u00e9s<\/td>\n<td class=\"border_tarif\" style=\"text-align: center;\">669,00$<\/td>\n<td class=\"border_tarif\" style=\"text-align: center;\">799,00$<\/td>\n<td class=\"border_tarif\" style=\"text-align: center;\">1299,00$<\/td>\n<td class=\"border_tarif\" style=\"text-align: center;\">Maximum 10 invit\u00e9s<\/td>\n<\/tr>\n<tr>\n<td class=\"border_tarif_left\" style=\"text-align: center;\">Chalet 5 chambres avec suite<\/p>\n<p>Tarif pour 12 invit\u00e9s<\/td>\n<td class=\"border_tarif\" style=\"text-align: center;\">759,00$<\/td>\n<td class=\"border_tarif\" style=\"text-align: center;\">899,00$<\/td>\n<td class=\"border_tarif\" style=\"text-align: center;\">1499,00$<\/td>\n<td class=\"border_tarif\" style=\"text-align: center;\">Invit\u00e9s additionnelles<\/p>\n<p>$50.00<\/td>\n<\/tr>\n<\/tbody>\n<\/table>\n<table cellspacing=\"10\">\n<tbody>\n<tr>\n<td height=\"10\">\u00a0 * TARIF SELON LA SAISON, NOMBRE DE NUIT\u00a0 ET NOMBRE D&rsquo;INVIT\u00c9S<\/td>\n<\/tr>\n<tr>\n<td style=\"text-align: center;\" align=\"center\">Cuisine &amp; Foyer.<br \/>\n\u00c9cran plat ,WIFI, Terrasse o\u00f9 balcon et BBQ priv\u00e9.<br \/>\nAcc\u00e8s au lac, quai flottant, chaloupe, canot, p\u00e9dalo et kayak.<\/td>\n<\/tr>\n<tr>\n<td height=\"10\"><\/td>\n<\/tr>\n<tr>\n<td align=\"left\">\n<ul>\n<li>Tarif par nuit, par unit\u00e9 (2 nuits minimum).<\/li>\n<li>Une chambre \u00e9gale \u00e0 deux invit\u00e9s<\/li>\n<li>Option spa en chalet 5 chambres et plus : $50.00 par jour.<\/li>\n<li>Distance de 7 km \/ 4 mi du Mont-Tremblant<\/li>\n<li>Literie, b\u00fbches pour foyer, inclus.<\/li>\n<li>Veuillez pr\u00e9voir apporter votre bois d&rsquo;allumage.<\/li>\n<li>Taxe en sus.\u00a0\u00a0\u00a0\u00a0\u00a0 3.5% taxe d&rsquo;h\u00e9bergement &#8211;\u00a0 5% TPS &#8211; 9.5% TVQ<\/li>\n<li>Tarifs sujet \u00e0 changement sans pr\u00e9avis.<\/li>\n<\/ul>\n<\/td>\n<\/tr>\n<tr>\n<td height=\"10\"><\/td>\n<\/tr>\n<tr>\n<td align=\"left\"><b>Politique de r\u00e9servation:<\/b><\/p>\n<p>Un pr\u00e9-paiement de 50% de la valeur de la r\u00e9servation, en esp\u00e8ces ou carte de cr\u00e9dit (Visa, Mastercard) est exig\u00e9 pour confirmer le s\u00e9jour au moment de la r\u00e9servation. Le solde complet pour les semaines de No\u00ebl et du Jour de l&rsquo;An est exig\u00e9 4 semaines avant l&rsquo;arriv\u00e9e.<\/p>\n<p><b>Politique d&rsquo;annulation:<\/b><\/p>\n<p>En cas d&rsquo;annulation par le client, les frais suivants sont exigibles : 100$ par suite ou 300$ par chalet, si l&rsquo;annulation a lieu au plus tard 28 jours avant la date pr\u00e9vue d&rsquo;arriv\u00e9e. Le pr\u00e9-paiement n&rsquo;est pas remboursable si l&rsquo;annulation a lieu moins de 28 jours avant la date pr\u00e9vue d&rsquo;arriv\u00e9e. Le pr\u00e9-paiement pour les semaines de No\u00ebl et du Jour de l&rsquo;An ou les semaines de rel\u00e2ches scolaire et d&rsquo;\u00e9t\u00e9 (Juillet-Ao\u00fbt) ne sont pas remboursable.<\/p>\n<p><b>D\u00e9p\u00f4t de s\u00e9curit\u00e9:<\/b><\/p>\n<p>Une empreinte de votre carte de cr\u00e9dit est conserv\u00e9 au dossier pour couvrir les frais impay\u00e9s d&rsquo;appels interurbains, nettoyage suppl\u00e9mentaire, dommages caus\u00e9 dans votre unit\u00e9 lors de votre s\u00e9jour o\u00f9 invit\u00e9 additionnelles<\/td>\n<\/tr>\n<\/tbody>\n<\/table>\n<\/td>\n<\/tr>\n<\/tbody>\n<\/table>","protected":false},"excerpt":{"rendered":"<p>TARIF \u00c0 PARTIR DE unit\u00e9 \u00e0 la semaine \u00c0 PARTIR DE \u00e0 la nuit \u00c0 PARTIR DE No\u00ebl \u00c0 PARTIR DE capacit\u00e9 Le Balcon Tarif pour 2 invit\u00e9 139,00$ 149,00$ 199,00$ 1<a class=\"moretag\" href=\"https:\/\/leventdunord.ca\/en\/tarif\/\">Read More&#8230;<\/a><\/p>","protected":false},"author":1,"featured_media":0,"parent":0,"menu_order":0,"comment_status":"closed","ping_status":"closed","template":"","meta":{"jetpack_post_was_ever_published":false},"jetpack_sharing_enabled":true,"jetpack_shortlink":"https:\/\/wp.me\/P6NZrO-c","jetpack-related-posts":[{"id":40,"url":"https:\/\/leventdunord.ca\/en\/chalets\/","url_meta":{"origin":12,"position":0},"title":"Chalets","author":"rickthablack","date":"1 September 2015","format":false,"excerpt":"Chalet 5 chambres Avec un acc\u00e8s au lac Sup\u00e9rieur, Le Vent du Nord vous pr\u00e9sente cette maison (convertie en chalet) construite en 1930 et soigneusement r\u00e9nov\u00e9e afin de conserver son cachet d'antan. L'am\u00e9nagement de ce magnifique chalet a \u00e9t\u00e9 compos\u00e9 afin de donner une atmosph\u00e8re accueillante et chaleureuse \u00e0 votre\u2026","rel":"","context":"Similar post","block_context":{"text":"Similar post","link":""},"img":{"alt_text":"Chambre des ma\u00c3\u00aetres Le Vent du Nord","src":"\/wp-content\/uploads\/2015\/09\/chalet_4chambres_leventdunord.jpg","width":350,"height":200},"classes":[]},{"id":36,"url":"https:\/\/leventdunord.ca\/en\/studios\/","url_meta":{"origin":12,"position":1},"title":"Studios","author":"rickthablack","date":"1 September 2015","format":false,"excerpt":"\u00a0 Le Studio \u00a0 L'atmosph\u00e8re romanesque du studio s'adapte magnifiquement aux couples \u00e0 la recherche d'intimit\u00e9. Le studio vous pr\u00e9sente une chambre \u00e0 coucher \u00e0 aire ouverte sur le salon afin de ne jamais vous perdre de vue. Le studio met \u00e0 votre disposition : Chambre, salon et salle \u00e0\u2026","rel":"","context":"Similar post","block_context":{"text":"Similar post","link":""},"img":{"alt_text":"Le Balcon chambre centre Le Vent du Nord","src":"\/wp-content\/uploads\/2015\/09\/lebalcon_chambre_centre_leventdunord.jpg","width":350,"height":200},"classes":[]},{"id":2,"url":"https:\/\/leventdunord.ca\/en\/page-d-exemple\/","url_meta":{"origin":12,"position":2},"title":"Page d&rsquo;exemple","author":"rickthablack","date":"14 August 2015","format":false,"excerpt":"Voici un exemple de page. Elle est diff\u00e9rente d'un article de blog, en cela qu'elle restera \u00e0 la m\u00eame place, et s'affichera dans le menu de navigation de votre site (en fonction de votre th\u00e8me). La plupart des gens commencent par \u00e9crire une page \u00ab\u00a0\u00c0 Propos\u00a0\u00bb qui les pr\u00e9sente aux\u2026","rel":"","context":"Similar post","block_context":{"text":"Similar post","link":""},"img":{"alt_text":"","src":"","width":0,"height":0},"classes":[]},{"id":38,"url":"https:\/\/leventdunord.ca\/en\/loft\/","url_meta":{"origin":12,"position":3},"title":"Loft &#038; Suites","author":"rickthablack","date":"1 September 2015","format":false,"excerpt":"\u00a0 Loft & Suites L'am\u00e9nagement de ce superbe loft a \u00e9t\u00e9 compos\u00e9 afin de donner une atmosph\u00e8re de confort et de bien \u00eatre \u00e0 votre s\u00e9jour au Lac Sup\u00e9rieur. Toutes les pi\u00e8ces sont \u00e0 aire ouverte\u00a0 \u00e9clair\u00e9e sur trois c\u00f4t\u00e9 et ce du lever au coucher du soleil. La chambre\u2026","rel":"","context":"Similar post","block_context":{"text":"Similar post","link":""},"img":{"alt_text":"","src":"https:\/\/i0.wp.com\/leventdunord.ca\/wp-content\/uploads\/2015\/09\/www.leventdunord.ca_-1-300x200.jpg?resize=350%2C200","width":350,"height":200},"classes":[]},{"id":298,"url":"https:\/\/leventdunord.ca\/en\/cottages\/","url_meta":{"origin":12,"position":4},"title":"Cottages","author":"rickthablack","date":"28 September 2015","format":false,"excerpt":"Cottage 5 bedrooms With an acces to Lac Sup\u00e9rieur, this lovely 1930 Country Home converted into a Cottage was cafully restored in order to keep it's original cachet. This very spacious and magnificent Cottage invites you into a warm and welcomming atmosphere for your vacation in the region of Lac\u2026","rel":"","context":"Similar post","block_context":{"text":"Similar post","link":""},"img":{"alt_text":"Master bedroom Le Vent du Nord","src":"\/wp-content\/uploads\/2015\/09\/chalet_4chambres_leventdunord.jpg","width":350,"height":200},"classes":[]},{"id":307,"url":"https:\/\/leventdunord.ca\/en\/loft_en\/","url_meta":{"origin":12,"position":5},"title":"Loft &#038; Suites","author":"rickthablack","date":"29 September 2015","format":false,"excerpt":"\u00a0 Loft \u00a0 This superb Loft was put together to give you an atmosphere of confort and well being during your stay in Lac Sup\u00e9rieur, region of Mont Tremblant. The Loft offers you, a fully equipped kitchen and a lovely washroom with theraputic bath, so you may let yourself relaxe,\u2026","rel":"","context":"Similar post","block_context":{"text":"Similar post","link":""},"img":{"alt_text":"","src":"\/wp-content\/uploads\/2015\/09\/loft_chalet_studio_leventdunord.jpg","width":350,"height":200},"classes":[]}],"_links":{"self":[{"href":"https:\/\/leventdunord.ca\/en\/wp-json\/wp\/v2\/pages\/12"}],"collection":[{"href":"https:\/\/leventdunord.ca\/en\/wp-json\/wp\/v2\/pages"}],"about":[{"href":"https:\/\/leventdunord.ca\/en\/wp-json\/wp\/v2\/types\/page"}],"author":[{"embeddable":true,"href":"https:\/\/leventdunord.ca\/en\/wp-json\/wp\/v2\/users\/1"}],"replies":[{"embeddable":true,"href":"https:\/\/leventdunord.ca\/en\/wp-json\/wp\/v2\/comments?post=12"}],"version-history":[{"count":9,"href":"https:\/\/leventdunord.ca\/en\/wp-json\/wp\/v2\/pages\/12\/revisions"}],"predecessor-version":[{"id":553,"href":"https:\/\/leventdunord.ca\/en\/wp-json\/wp\/v2\/pages\/12\/revisions\/553"}],"wp:attachment":[{"href":"https:\/\/leventdunord.ca\/en\/wp-json\/wp\/v2\/media?parent=12"}],"curies":[{"name":"wp","href":"https:\/\/api.w.org\/{rel}","templated":true}]}}