{"id":298,"date":"2015-09-28T23:28:10","date_gmt":"2015-09-28T22:28:10","guid":{"rendered":"http:\/\/datblack.com\/?page_id=298"},"modified":"2017-01-14T06:56:42","modified_gmt":"2017-01-14T05:56:42","slug":"cottages","status":"publish","type":"page","link":"https:\/\/leventdunord.ca\/en\/cottages\/","title":{"rendered":"Cottages"},"content":{"rendered":"<table cellspacing=\"10\">\n<tbody><!-- COLONNE DE TEXTE --><\/p>\n<tr>\n<td valign=\"top\" width=\"370\">\n<p class=\"titre\" align=\"center\"><a class=\"titre\" name=\"chalet4\"><\/a>Cottage 5 bedrooms<\/p>\n<p>With an acces to Lac Sup\u00e9rieur, this lovely 1930 Country Home converted into a Cottage was cafully restored in order to keep it&rsquo;s original cachet.<\/p>\n<p>This very spacious and magnificent Cottage invites you into a warm and welcomming atmosphere for your vacation in the region of Lac Superieur,<br \/>\nMont Tremblant.<\/p>\n<p>The decoration brings together both the old and the new for the pleasure of your eyes and especialy the confort of your stay.<\/p>\n<p><img decoding=\"async\" loading=\"lazy\" src=\"\/wp-content\/uploads\/2015\/09\/chalet_4chambres_leventdunord.jpg\" alt=\"Master bedroom Le Vent du Nord\" width=\"370\" height=\"247\" border=\"0\" \/><\/p>\n<p>After a day at the lake , in the Parc of Mont Tremblant or at the mountain, you will appreciate a night amongs friends around the warth of the<br \/>\nfireplace or a wonderful dinner on the spacious exterior terrace, with view of the mountains.<\/p>\n<p>Situaded close to the Mont Tremblant ski resort and just a few minutes away from the pedestrian trails and all outdoors activitys, such as swimming,<br \/>\ncanoeing, hiking, biking, cross country skiing and snowshoing, this cottage offers you a multitude of outdoors activitys, wich will let you enjoy every<br \/>\nsport and every season, not to mention the beauty of the colors during the fall, and the wonderfull view of the rising sun in the mountains right<br \/>\nfrom your country home.<\/p>\n<p>Acc\u00e8s to a very large 8 place private spa situated in a wood gazibo, with open roof to see the sky, and spectaculair view, with an added exterior bar.<\/p>\n<p>The rate for the spa is $45. per day plus tx.<\/p>\n<p>This lovely Cottage offers you :<\/p>\n<ul>\n<li>5 bedrooms\u00a0 ( 4 queen beds,\u00a0 2 singles, )<\/li>\n<li>3 complete washrooms ( wash.dryer)<\/li>\n<li>very well equipped kitchen (dish washer, gaz stove.)<\/li>\n<li>Large dinning area with wonderfull view of the rising sun in the mountains<\/li>\n<li>spacious terrace ( spot for exterior fire.)<\/li>\n<li>living room with leather sofas and natural fireplace. ( wood included.)<\/li>\n<li>in the atick room a second tv,cable and small living room, always with view<\/li>\n<li>Internet Wi-Fi<\/li>\n<\/ul>\n<p><!-- COLONNE PHOTO --><\/td>\n<td width=\"200\">\n<div id=\"attachment_485\" style=\"width: 310px\" class=\"wp-caption alignnone\"><a href=\"https:\/\/i0.wp.com\/leventdunord.ca\/wp-content\/uploads\/2015\/09\/maison-leventdunord.ca_.jpg\"><img aria-describedby=\"caption-attachment-485\" data-attachment-id=\"485\" data-permalink=\"https:\/\/leventdunord.ca\/en\/cottages\/leventdunord-ca-mont-tremblant-pq\/\" data-orig-file=\"https:\/\/i0.wp.com\/leventdunord.ca\/wp-content\/uploads\/2015\/09\/maison-leventdunord.ca_.jpg?fit=4272%2C2848&amp;ssl=1\" data-orig-size=\"4272,2848\" data-comments-opened=\"1\" data-image-meta=\"{&quot;aperture&quot;:&quot;3.5&quot;,&quot;credit&quot;:&quot;&quot;,&quot;camera&quot;:&quot;Canon EOS DIGITAL REBEL XSi&quot;,&quot;caption&quot;:&quot;leventdunord.ca  mont tremblant PQ&quot;,&quot;created_timestamp&quot;:&quot;1355591849&quot;,&quot;copyright&quot;:&quot;&quot;,&quot;focal_length&quot;:&quot;18&quot;,&quot;iso&quot;:&quot;400&quot;,&quot;shutter_speed&quot;:&quot;2&quot;,&quot;title&quot;:&quot;leventdunord.ca  mont tremblant PQ&quot;,&quot;orientation&quot;:&quot;1&quot;}\" data-image-title=\"leventdunord.ca  mont tremblant PQ\" data-image-description=\"\" data-image-caption=\"&lt;p&gt;leventdunord.ca  mont tremblant PQ&lt;\/p&gt;\" data-medium-file=\"https:\/\/i0.wp.com\/leventdunord.ca\/wp-content\/uploads\/2015\/09\/maison-leventdunord.ca_.jpg?fit=300%2C200&amp;ssl=1\" data-large-file=\"https:\/\/i0.wp.com\/leventdunord.ca\/wp-content\/uploads\/2015\/09\/maison-leventdunord.ca_.jpg?fit=604%2C403&amp;ssl=1\" decoding=\"async\" loading=\"lazy\" class=\"size-medium wp-image-485\" src=\"https:\/\/i0.wp.com\/leventdunord.ca\/wp-content\/uploads\/2015\/09\/maison-leventdunord.ca_.jpg?resize=300%2C200\" alt=\"leventdunord.ca mont tremblant PQ\" width=\"300\" height=\"200\" srcset=\"https:\/\/i0.wp.com\/leventdunord.ca\/wp-content\/uploads\/2015\/09\/maison-leventdunord.ca_.jpg?resize=300%2C200&amp;ssl=1 300w, https:\/\/i0.wp.com\/leventdunord.ca\/wp-content\/uploads\/2015\/09\/maison-leventdunord.ca_.jpg?resize=768%2C512&amp;ssl=1 768w, https:\/\/i0.wp.com\/leventdunord.ca\/wp-content\/uploads\/2015\/09\/maison-leventdunord.ca_.jpg?resize=1024%2C683&amp;ssl=1 1024w, https:\/\/i0.wp.com\/leventdunord.ca\/wp-content\/uploads\/2015\/09\/maison-leventdunord.ca_.jpg?w=1208 1208w, https:\/\/i0.wp.com\/leventdunord.ca\/wp-content\/uploads\/2015\/09\/maison-leventdunord.ca_.jpg?w=1812 1812w\" sizes=\"(max-width: 300px) 100vw, 300px\" data-recalc-dims=\"1\" \/><\/a><p id=\"caption-attachment-485\" class=\"wp-caption-text\">leventdunord.ca mont tremblant PQ<\/p><\/div>\n<p><a href=\"https:\/\/i0.wp.com\/leventdunord.ca\/wp-content\/uploads\/2015\/09\/IMG_1566.jpg\"><img data-attachment-id=\"393\" data-permalink=\"https:\/\/leventdunord.ca\/en\/chalets\/img_1566\/\" data-orig-file=\"https:\/\/i0.wp.com\/leventdunord.ca\/wp-content\/uploads\/2015\/09\/IMG_1566.jpg?fit=3264%2C2448&amp;ssl=1\" data-orig-size=\"3264,2448\" data-comments-opened=\"1\" data-image-meta=\"{&quot;aperture&quot;:&quot;2.4&quot;,&quot;credit&quot;:&quot;&quot;,&quot;camera&quot;:&quot;iPhone 5c&quot;,&quot;caption&quot;:&quot;&quot;,&quot;created_timestamp&quot;:&quot;1469203943&quot;,&quot;copyright&quot;:&quot;&quot;,&quot;focal_length&quot;:&quot;4.12&quot;,&quot;iso&quot;:&quot;200&quot;,&quot;shutter_speed&quot;:&quot;0.05&quot;,&quot;title&quot;:&quot;&quot;,&quot;orientation&quot;:&quot;1&quot;}\" data-image-title=\"img_1566\" data-image-description=\"\" data-image-caption=\"\" data-medium-file=\"https:\/\/i0.wp.com\/leventdunord.ca\/wp-content\/uploads\/2015\/09\/IMG_1566.jpg?fit=300%2C225&amp;ssl=1\" data-large-file=\"https:\/\/i0.wp.com\/leventdunord.ca\/wp-content\/uploads\/2015\/09\/IMG_1566.jpg?fit=604%2C453&amp;ssl=1\" decoding=\"async\" loading=\"lazy\" class=\"alignnone size-medium wp-image-393\" src=\"https:\/\/i0.wp.com\/leventdunord.ca\/wp-content\/uploads\/2015\/09\/IMG_1566.jpg?resize=300%2C225\" alt=\"img_1566\" width=\"300\" height=\"225\" srcset=\"https:\/\/i0.wp.com\/leventdunord.ca\/wp-content\/uploads\/2015\/09\/IMG_1566.jpg?resize=300%2C225&amp;ssl=1 300w, https:\/\/i0.wp.com\/leventdunord.ca\/wp-content\/uploads\/2015\/09\/IMG_1566.jpg?resize=768%2C576&amp;ssl=1 768w, https:\/\/i0.wp.com\/leventdunord.ca\/wp-content\/uploads\/2015\/09\/IMG_1566.jpg?resize=1024%2C768&amp;ssl=1 1024w, https:\/\/i0.wp.com\/leventdunord.ca\/wp-content\/uploads\/2015\/09\/IMG_1566.jpg?w=1208 1208w, https:\/\/i0.wp.com\/leventdunord.ca\/wp-content\/uploads\/2015\/09\/IMG_1566.jpg?w=1812 1812w\" sizes=\"(max-width: 300px) 100vw, 300px\" data-recalc-dims=\"1\" \/><\/a><a href=\"https:\/\/i0.wp.com\/leventdunord.ca\/wp-content\/uploads\/2015\/09\/Lac-Supe\u0301rieur-juillet-2010-114.jpg\"><img data-attachment-id=\"479\" data-permalink=\"https:\/\/leventdunord.ca\/en\/chalets\/lac-superieur-juillet-2010-114\/\" data-orig-file=\"https:\/\/i0.wp.com\/leventdunord.ca\/wp-content\/uploads\/2015\/09\/Lac-Supe\u0301rieur-juillet-2010-114.jpg?fit=2848%2C4272&amp;ssl=1\" data-orig-size=\"2848,4272\" data-comments-opened=\"1\" data-image-meta=\"{&quot;aperture&quot;:&quot;4&quot;,&quot;credit&quot;:&quot;&quot;,&quot;camera&quot;:&quot;Canon EOS DIGITAL REBEL XSi&quot;,&quot;caption&quot;:&quot;&quot;,&quot;created_timestamp&quot;:&quot;1280426229&quot;,&quot;copyright&quot;:&quot;&quot;,&quot;focal_length&quot;:&quot;18&quot;,&quot;iso&quot;:&quot;400&quot;,&quot;shutter_speed&quot;:&quot;0.016666666666667&quot;,&quot;title&quot;:&quot;&quot;,&quot;orientation&quot;:&quot;0&quot;}\" data-image-title=\"Lac Supe\u0301rieur juillet 2010 114\" data-image-description=\"\" data-image-caption=\"\" data-medium-file=\"https:\/\/i0.wp.com\/leventdunord.ca\/wp-content\/uploads\/2015\/09\/Lac-Supe\u0301rieur-juillet-2010-114.jpg?fit=200%2C300&amp;ssl=1\" data-large-file=\"https:\/\/i0.wp.com\/leventdunord.ca\/wp-content\/uploads\/2015\/09\/Lac-Supe\u0301rieur-juillet-2010-114.jpg?fit=604%2C906&amp;ssl=1\" decoding=\"async\" loading=\"lazy\" class=\"alignnone size-medium wp-image-479\" src=\"https:\/\/i0.wp.com\/leventdunord.ca\/wp-content\/uploads\/2015\/09\/Lac-Supe\u0301rieur-juillet-2010-114.jpg?resize=200%2C300\" alt=\"Lac Supe\u0301rieur juillet 2010 114\" width=\"200\" height=\"300\" srcset=\"https:\/\/i0.wp.com\/leventdunord.ca\/wp-content\/uploads\/2015\/09\/Lac-Supe\u0301rieur-juillet-2010-114.jpg?resize=200%2C300&amp;ssl=1 200w, https:\/\/i0.wp.com\/leventdunord.ca\/wp-content\/uploads\/2015\/09\/Lac-Supe\u0301rieur-juillet-2010-114.jpg?resize=768%2C1152&amp;ssl=1 768w, https:\/\/i0.wp.com\/leventdunord.ca\/wp-content\/uploads\/2015\/09\/Lac-Supe\u0301rieur-juillet-2010-114.jpg?resize=683%2C1024&amp;ssl=1 683w, https:\/\/i0.wp.com\/leventdunord.ca\/wp-content\/uploads\/2015\/09\/Lac-Supe\u0301rieur-juillet-2010-114.jpg?w=1208 1208w, https:\/\/i0.wp.com\/leventdunord.ca\/wp-content\/uploads\/2015\/09\/Lac-Supe\u0301rieur-juillet-2010-114.jpg?w=1812 1812w\" sizes=\"(max-width: 200px) 100vw, 200px\" data-recalc-dims=\"1\" \/><\/a><img decoding=\"async\" loading=\"lazy\" src=\"\/wp-content\/uploads\/2015\/09\/chalet4chambres_salon_diner_ventdunord.jpg\" alt=\"chambre du haut Le Vent du Nord\" width=\"200\" height=\"150\" border=\"0\" \/><\/p>\n<p>&nbsp;<\/p>\n<p>Chambre grenier<br \/>\n<img decoding=\"async\" loading=\"lazy\" src=\"\/wp-content\/uploads\/2015\/09\/chalet4chambres_chambre_grenier_leventdunord.jpg\" alt=\"bedroom Le Vent du Nord\" width=\"200\" height=\"150\" border=\"0\" \/><\/p>\n<p>The Spa<\/p>\n<p>&nbsp;<\/p>\n<div id=\"attachment_478\" style=\"width: 310px\" class=\"wp-caption alignnone\"><a href=\"https:\/\/i0.wp.com\/leventdunord.ca\/wp-content\/uploads\/2015\/09\/maison-ventdu-nord-spa.jpg\"><img aria-describedby=\"caption-attachment-478\" data-attachment-id=\"478\" data-permalink=\"https:\/\/leventdunord.ca\/en\/chalets\/www-leventdunord-ca-2\/\" data-orig-file=\"https:\/\/i0.wp.com\/leventdunord.ca\/wp-content\/uploads\/2015\/09\/maison-ventdu-nord-spa.jpg?fit=4272%2C2848&amp;ssl=1\" data-orig-size=\"4272,2848\" data-comments-opened=\"1\" data-image-meta=\"{&quot;aperture&quot;:&quot;3.5&quot;,&quot;credit&quot;:&quot;&quot;,&quot;camera&quot;:&quot;Canon EOS DIGITAL REBEL XSi&quot;,&quot;caption&quot;:&quot;www.leventdunord.ca&quot;,&quot;created_timestamp&quot;:&quot;1355591898&quot;,&quot;copyright&quot;:&quot;&quot;,&quot;focal_length&quot;:&quot;18&quot;,&quot;iso&quot;:&quot;400&quot;,&quot;shutter_speed&quot;:&quot;2&quot;,&quot;title&quot;:&quot;www.leventdunord.ca&quot;,&quot;orientation&quot;:&quot;1&quot;}\" data-image-title=\"www.leventdunord.ca\" data-image-description=\"\" data-image-caption=\"&lt;p&gt;www.leventdunord.ca&lt;\/p&gt;\" data-medium-file=\"https:\/\/i0.wp.com\/leventdunord.ca\/wp-content\/uploads\/2015\/09\/maison-ventdu-nord-spa.jpg?fit=300%2C200&amp;ssl=1\" data-large-file=\"https:\/\/i0.wp.com\/leventdunord.ca\/wp-content\/uploads\/2015\/09\/maison-ventdu-nord-spa.jpg?fit=604%2C403&amp;ssl=1\" decoding=\"async\" loading=\"lazy\" class=\"size-medium wp-image-478\" src=\"https:\/\/i0.wp.com\/leventdunord.ca\/wp-content\/uploads\/2015\/09\/maison-ventdu-nord-spa.jpg?resize=300%2C200\" alt=\"www.leventdunord.ca\" width=\"300\" height=\"200\" srcset=\"https:\/\/i0.wp.com\/leventdunord.ca\/wp-content\/uploads\/2015\/09\/maison-ventdu-nord-spa.jpg?resize=300%2C200&amp;ssl=1 300w, https:\/\/i0.wp.com\/leventdunord.ca\/wp-content\/uploads\/2015\/09\/maison-ventdu-nord-spa.jpg?resize=768%2C512&amp;ssl=1 768w, https:\/\/i0.wp.com\/leventdunord.ca\/wp-content\/uploads\/2015\/09\/maison-ventdu-nord-spa.jpg?resize=1024%2C683&amp;ssl=1 1024w, https:\/\/i0.wp.com\/leventdunord.ca\/wp-content\/uploads\/2015\/09\/maison-ventdu-nord-spa.jpg?w=1208 1208w, https:\/\/i0.wp.com\/leventdunord.ca\/wp-content\/uploads\/2015\/09\/maison-ventdu-nord-spa.jpg?w=1812 1812w\" sizes=\"(max-width: 300px) 100vw, 300px\" data-recalc-dims=\"1\" \/><\/a><p id=\"caption-attachment-478\" class=\"wp-caption-text\">www.leventdunord.ca<\/p><\/div><\/td>\n<\/tr>\n<p><!-- FIN COLONNE PHOTO --><\/tbody>\n<\/table>\n<p><!-- FIN TABLE DE Cottage 4 CHAMBRES --><br \/>\n<!-- SEPARATEUR --><\/p>\n<table>\n<tbody>\n<tr>\n<td class=\"ligne1\" colspan=\"2\" height=\"2\"><\/td>\n<\/tr>\n<\/tbody>\n<\/table>\n<p><!-- TABLE DE CHALET 5 CHAMBRES - ERABLE --><\/p>\n<p>&nbsp;<\/p>\n<table cellspacing=\"10\">\n<tbody><!-- COLONNE DE TEXTE --><\/p>\n<tr>\n<td valign=\"top\" width=\"370\"><!-- COLONNE PHOTO --><\/td>\n<td width=\"200\"><\/td>\n<\/tr>\n<p><!-- FIN COLONNE PHOTO --><\/tbody>\n<\/table>\n<p><!-- FIN TABLE DE CHALET 5 CHAMBRES --><br \/>\n<!-- SEPARATEUR --><\/p>\n<table>\n<tbody>\n<tr>\n<td class=\"ligne1\" colspan=\"2\" height=\"2\"><\/td>\n<\/tr>\n<\/tbody>\n<\/table>\n<p><!-- TABLE DE Cottage 3 CHAMBRES --><\/p>\n<p>&nbsp;<\/p>\n<table cellspacing=\"10\">\n<tbody><!-- COLONNE DE TEXTE --><\/p>\n<tr>\n<td valign=\"top\" width=\"370\">\n<p class=\"titre\" style=\"text-align: center;\"><a class=\"titre\" name=\"chalet3\"><\/a>Cottage 3 bedrooms (cabin)<\/p>\n<p>Lovely Country Home isolated and quiet away from the road and neighbers. A pedestian trail practictly private is situated a little further<br \/>\naway in the forest. Perfect for the intiment vacations.<\/p>\n<p>A very sunny and spacious wood terrace, right off the dinning and kitchen area, invites you to share your meals outside, during the warm season.<\/p>\n<p>The wooden kitchen cabinets, offers you all the comoditys for you to feel rifgt at home, during your stay.<\/p>\n<p>In autome or in winter you may share a nice quiet evening just sitting by the fire in a living area arranged for your confort. And don&rsquo;t forget to wach for your visitors, the dear.<\/p>\n<p>This lovely property is situated at only 7 min. or 7kil. Away from the noth side ski lift of Mo0nt Tremblant.<\/p>\n<p><img decoding=\"async\" loading=\"lazy\" src=\"\/wp-content\/uploads\/2015\/09\/chalet3chambres.jpg\" alt=\"Master bedroom Le Vent du Nord\" width=\"370\" height=\"185\" border=\"0\" \/><\/p>\n<p>This lovely Cottage offers you :<\/p>\n<ul>\n<li>3 bedrooms ( 2 queen beds and one double)<\/li>\n<li>2 washrooms<\/li>\n<li>laundry room with new equippement<\/li>\n<li>full equipped kitchen<\/li>\n<li>spacious dinning room (Lot&rsquo;s of sun)<\/li>\n<li>large terrace<\/li>\n<li>living room including also a double futon<\/li>\n<li>fireplace (wood included.)<\/li>\n<li>Internet Wi-Fi<\/li>\n<\/ul>\n<p><!-- COLONNE PHOTO --><\/td>\n<td width=\"200\"><img decoding=\"async\" loading=\"lazy\" src=\"\/wp-content\/uploads\/2015\/09\/chalet_3_chambres_chalet_studio_leventdunord.jpg\" alt=\"Cottage 3 bedrooms Le Vent du Nord\" width=\"200\" height=\"150\" border=\"0\" \/><\/p>\n<p><img decoding=\"async\" loading=\"lazy\" src=\"\/wp-content\/uploads\/2015\/09\/cottage_laurentien_chalet_studio_leventdunord.jpg\" alt=\"kitchen Le Vent du Nord\" width=\"200\" height=\"150\" border=\"0\" \/><\/p>\n<p><img decoding=\"async\" loading=\"lazy\" src=\"\/wp-content\/uploads\/2015\/09\/chalet_3chambres_living_room_leventdunord.jpg\" alt=\"living room Le Vent du Nord\" width=\"200\" height=\"150\" border=\"0\" \/><\/p>\n<p><img decoding=\"async\" loading=\"lazy\" src=\"\/wp-content\/uploads\/2015\/09\/chalet3chambres_chambre.jpg\" alt=\"terrasse Le Vent du Nord\" width=\"200\" height=\"150\" border=\"0\" \/><\/td>\n<\/tr>\n<p><!-- FIN COLONNE PHOTO --><\/tbody>\n<\/table>\n<p><!-- FIN TABLE DE Cottage 3 CHAMBRES --><\/p>\n<table>\n<tbody>\n<tr>\n<td class=\"ligne1\" colspan=\"2\" height=\"2\"><\/td>\n<\/tr>\n<\/tbody>\n<\/table>","protected":false},"excerpt":{"rendered":"<p>Cottage 5 bedrooms With an acces to Lac Sup\u00e9rieur, this lovely 1930 Country Home converted into a Cottage was cafully restored in order to keep it&rsquo;s original cachet. This very spacious and<a class=\"moretag\" href=\"https:\/\/leventdunord.ca\/en\/cottages\/\">Read More&#8230;<\/a><\/p>","protected":false},"author":1,"featured_media":0,"parent":0,"menu_order":0,"comment_status":"closed","ping_status":"open","template":"","meta":{"jetpack_post_was_ever_published":false},"jetpack_sharing_enabled":true,"jetpack_shortlink":"https:\/\/wp.me\/P6NZrO-4O","jetpack-related-posts":[{"id":267,"url":"https:\/\/leventdunord.ca\/en\/home\/","url_meta":{"origin":298,"position":0},"title":"Home","author":"rickthablack","date":"28 September 2015","format":false,"excerpt":"Le Vent du Nord Le Vent du Nord invites you to come and discover the magnificent mountains of the Laurentians in the Mont Tremblant region. Situated in Lac Sup\u00e9rieur, only 7min. or 7kilometres, away from Mont Tremblant Station and ski resort. 10 min. away from the National Parc of Mont\u2026","rel":"","context":"Similar post","block_context":{"text":"Similar post","link":""},"img":{"alt_text":"","src":"\/wp-content\/uploads\/2015\/09\/reception_chalet_studio_leventdunord.jpg","width":350,"height":200},"classes":[]},{"id":307,"url":"https:\/\/leventdunord.ca\/en\/loft_en\/","url_meta":{"origin":298,"position":1},"title":"Loft &#038; Suites","author":"rickthablack","date":"29 September 2015","format":false,"excerpt":"\u00a0 Loft \u00a0 This superb Loft was put together to give you an atmosphere of confort and well being during your stay in Lac Sup\u00e9rieur, region of Mont Tremblant. The Loft offers you, a fully equipped kitchen and a lovely washroom with theraputic bath, so you may let yourself relaxe,\u2026","rel":"","context":"Similar post","block_context":{"text":"Similar post","link":""},"img":{"alt_text":"","src":"\/wp-content\/uploads\/2015\/09\/loft_chalet_studio_leventdunord.jpg","width":350,"height":200},"classes":[]},{"id":272,"url":"https:\/\/leventdunord.ca\/en\/activities\/","url_meta":{"origin":298,"position":2},"title":"Activities","author":"rickthablack","date":"28 September 2015","format":false,"excerpt":"\u00a0 Close by activities Come and enjoy a multitude of avtivities offerd in the region of Mont Tremblant. A short distance away from our lovely Chalets Loft and Studios, enjoy all the golfing courses, montain activiteis, water activities, and many other activities available to make your vacation a very pleasant\u2026","rel":"","context":"Similar post","block_context":{"text":"Similar post","link":""},"img":{"alt_text":"","src":"\/wp-content\/uploads\/2015\/09\/canot_chalet_studio_leventdunord.jpg","width":350,"height":200},"classes":[]},{"id":291,"url":"https:\/\/leventdunord.ca\/en\/rates\/","url_meta":{"origin":298,"position":3},"title":"Rates","author":"rickthablack","date":"28 September 2015","format":false,"excerpt":"\u00a0\u00a0\u00a0\u00a0\u00a0\u00a0\u00a0\u00a0\u00a0\u00a0\u00a0\u00a0\u00a0\u00a0\u00a0\u00a0\u00a0\u00a0\u00a0\u00a0\u00a0\u00a0\u00a0\u00a0\u00a0\u00a0\u00a0\u00a0\u00a0\u00a0\u00a0\u00a0\u00a0\u00a0\u00a0\u00a0\u00a0\u00a0\u00a0\u00a0\u00a0\u00a0\u00a0\u00a0\u00a0\u00a0\u00a0\u00a0\u00a0\u00a0\u00a0\u00a0\u00a0\u00a0\u00a0\u00a0\u00a0 RATES\u00a0 ARE STARTING AT unit weekly rental STARTING AT nightly rates STARTING AT Christmas STARTING AT capacity Le Balcon Rates for 2 guests 139,00$ 149,00$ 199,00$ 1 to 2 guest La Terrasse Rates for 2 guest 139,00$ 149,00$ 199,00$ extra guest $20.00 Le Studio Rates for 2 guest 159,00$\u2026","rel":"","context":"Similar post","block_context":{"text":"Similar post","link":""},"img":{"alt_text":"","src":"","width":0,"height":0},"classes":[]},{"id":305,"url":"https:\/\/leventdunord.ca\/en\/studios_en\/","url_meta":{"origin":298,"position":4},"title":"Studios","author":"rickthablack","date":"29 September 2015","format":false,"excerpt":"\u00a0 Le Studio For a romantic escapade, come and pass a few days in the studio. The atmosphere of this quaint little unit is perfect for the couples who are looking for intimate time. The Studio presents you with a bedroom with open space lookig on to the living room\u2026","rel":"","context":"Similar post","block_context":{"text":"Similar post","link":""},"img":{"alt_text":"Le Balcon center room Le Vent du Nord","src":"\/wp-content\/uploads\/2015\/09\/lebalcon_chambre_centre_leventdunord.jpg","width":350,"height":200},"classes":[]},{"id":5,"url":"https:\/\/leventdunord.ca\/en\/","url_meta":{"origin":298,"position":5},"title":"Accueil","author":"rickthablack","date":"14 August 2015","format":false,"excerpt":"Le Vent du Nord Chalets et Studios Le Vent du Nord vous invitent \u00e0 venir d\u00e9couvrir les magnifiques montagnes des Laurentides. Situ\u00e9 \u00e0 Lac Sup\u00e9rieur, \u00e0 proximit\u00e9 de la station de ski, 7km du Versant-Nord du Mont-Tremblant et \u00e0 quelques pas de sentiers p\u00e9destres, pistes cyclables et sentiers de ski\u2026","rel":"","context":"Similar post","block_context":{"text":"Similar post","link":""},"img":{"alt_text":"","src":"\/wp-content\/uploads\/2015\/09\/reception_chalet_studio_leventdunord.jpg","width":350,"height":200},"classes":[]}],"_links":{"self":[{"href":"https:\/\/leventdunord.ca\/en\/wp-json\/wp\/v2\/pages\/298"}],"collection":[{"href":"https:\/\/leventdunord.ca\/en\/wp-json\/wp\/v2\/pages"}],"about":[{"href":"https:\/\/leventdunord.ca\/en\/wp-json\/wp\/v2\/types\/page"}],"author":[{"embeddable":true,"href":"https:\/\/leventdunord.ca\/en\/wp-json\/wp\/v2\/users\/1"}],"replies":[{"embeddable":true,"href":"https:\/\/leventdunord.ca\/en\/wp-json\/wp\/v2\/comments?post=298"}],"version-history":[{"count":9,"href":"https:\/\/leventdunord.ca\/en\/wp-json\/wp\/v2\/pages\/298\/revisions"}],"predecessor-version":[{"id":486,"href":"https:\/\/leventdunord.ca\/en\/wp-json\/wp\/v2\/pages\/298\/revisions\/486"}],"wp:attachment":[{"href":"https:\/\/leventdunord.ca\/en\/wp-json\/wp\/v2\/media?parent=298"}],"curies":[{"name":"wp","href":"https:\/\/api.w.org\/{rel}","templated":true}]}}