{"id":314,"date":"2015-10-03T01:25:59","date_gmt":"2015-10-03T00:25:59","guid":{"rendered":"http:\/\/leventdunord.ca\/?page_id=314"},"modified":"2023-06-25T14:47:30","modified_gmt":"2023-06-25T18:47:30","slug":"reservation","status":"publish","type":"page","link":"https:\/\/leventdunord.ca\/en\/reservation\/","title":{"rendered":"Reservation"},"content":{"rendered":"<div class=\"wpcf7 no-js\" id=\"wpcf7-f313-o1\" lang=\"en-US\" dir=\"ltr\">\n<div class=\"screen-reader-response\"><p role=\"status\" aria-live=\"polite\" aria-atomic=\"true\"><\/p> <ul><\/ul><\/div>\n<form action=\"\/en\/wp-json\/wp\/v2\/pages\/314#wpcf7-f313-o1\" method=\"post\" class=\"wpcf7-form init\" aria-label=\"Contact form\" novalidate=\"novalidate\" data-status=\"init\" data-trp-original-action=\"\/en\/wp-json\/wp\/v2\/pages\/314#wpcf7-f313-o1\">\n<div style=\"display: none;\">\n<input type=\"hidden\" name=\"_wpcf7\" value=\"313\" \/>\n<input type=\"hidden\" name=\"_wpcf7_version\" value=\"5.8.7\" \/>\n<input type=\"hidden\" name=\"_wpcf7_locale\" value=\"en_US\" \/>\n<input type=\"hidden\" name=\"_wpcf7_unit_tag\" value=\"wpcf7-f313-o1\" \/>\n<input type=\"hidden\" name=\"_wpcf7_container_post\" value=\"0\" \/>\n<input type=\"hidden\" name=\"_wpcf7_posted_data_hash\" value=\"\" \/>\n<input type=\"hidden\" name=\"_wpcf7_recaptcha_response\" value=\"\" \/>\n<\/div>\n<h3>Send Enquiry\n<\/h3>\n<div class=\"contact-form-container\">\n\t<div class=\"contact-form-inside\">\n\t\t<div class=\"text-summary\">\n\t\t\t<table width=\"100%\" border=\"0\" cellspacing=\"0\" cellpadding=\"0\">\n\t\t\t\t<tr>\n\t\t\t\t\t<td>\n\t\t\t\t\t\t<p><strong>Arriv\u00e9\/Arrive:<\/strong>\n\t\t\t\t\t\t<\/p>\n\t\t\t\t\t<\/td>\n\t\t\t\t\t<td>\n\t\t\t\t\t\t<p><strong>D\u00e9part\/Leaving:<\/strong>\n\t\t\t\t\t\t<\/p>\n\t\t\t\t\t<\/td>\n\t\t\t\t\t<td>\n\t\t\t\t\t\t<p><strong>Nb de personne\/Nb of person:<\/strong>\n\t\t\t\t\t\t<\/p>\n\t\t\t\t\t<\/td>\n\t\t\t\t<\/tr>\n\t\t\t\t<tr>\n\t\t\t\t\t<td>\n\t\t\t\t\t\t<p><span class=\"wpcf7-form-control-wrap\" data-name=\"date-617\"><input class=\"wpcf7-form-control wpcf7-date wpcf7-validates-as-required wpcf7-validates-as-date\" id=\"datepickerFrom\" aria-required=\"true\" aria-invalid=\"false\" placeholder=\"Date\" value=\"\" type=\"date\" name=\"date-617\" \/><\/span>\n\t\t\t\t\t\t<\/p>\n\t\t\t\t\t<\/td>\n\t\t\t\t\t<td>\n\t\t\t\t\t\t<p><span class=\"wpcf7-form-control-wrap\" data-name=\"date-752\"><input class=\"wpcf7-form-control wpcf7-date wpcf7-validates-as-required wpcf7-validates-as-date\" id=\"datepickerTo\" aria-required=\"true\" aria-invalid=\"false\" placeholder=\"Date\" value=\"\" type=\"date\" name=\"date-752\" \/><\/span>\n\t\t\t\t\t\t<\/p>\n\t\t\t\t\t<\/td>\n\t\t\t\t\t<td>\n\t\t\t\t\t\t<p><span class=\"wpcf7-form-control-wrap\" data-name=\"menu-442\"><select class=\"wpcf7-form-control wpcf7-select wpcf7-validates-as-required\" id=\"persons\" aria-required=\"true\" aria-invalid=\"false\" name=\"menu-442\"><option value=\"1\">1<\/option><option value=\"2\">2<\/option><option value=\"3\">3<\/option><option value=\"4\">4<\/option><option value=\"5\">5<\/option><option value=\"6\">6<\/option><option value=\"7\">7<\/option><option value=\"8\">8<\/option><option value=\"9\">9<\/option><option value=\"10\">10<\/option><option value=\"11\">11<\/option><option value=\"12\">12<\/option><\/select><\/span>\n\t\t\t\t\t\t<\/p>\n\t\t\t\t\t<\/td>\n\t\t\t\t<\/tr>\n\t\t\t<\/table>\n\t\t<\/div>\n\t<\/div>\n<\/div>\n<h2>S'il vous plait compl\u00e9ter\/Please fill:\n<\/h2>\n<table class=\"contact-form-user\">\n\t<tr>\n\t\t<td>\n\t\t\t<p>Pr\u00e9nom:\n\t\t\t<\/p>\n\t\t<\/td>\n\t\t<td>\n\t\t\t<p><span class=\"wpcf7-form-control-wrap\" data-name=\"your-name\"><input size=\"40\" class=\"wpcf7-form-control wpcf7-text wpcf7-validates-as-required\" aria-required=\"true\" aria-invalid=\"false\" value=\"\" type=\"text\" name=\"your-name\" \/><\/span>\n\t\t\t<\/p>\n\t\t<\/td>\n\t\t<td class=\"empty\">\n\t\t<\/td>\n\t\t<td>\n\t\t\t<p>Adresse:\n\t\t\t<\/p>\n\t\t<\/td>\n\t\t<td>\n\t\t\t<p><span class=\"wpcf7-form-control-wrap\" data-name=\"your-address\"><input size=\"40\" class=\"wpcf7-form-control wpcf7-text wpcf7-validates-as-required\" aria-required=\"true\" aria-invalid=\"false\" value=\"\" type=\"text\" name=\"your-address\" \/><\/span>\n\t\t\t<\/p>\n\t\t<\/td>\n\t<\/tr>\n\t<tr>\n\t\t<td>\n\t\t\t<p>Nom:\n\t\t\t<\/p>\n\t\t<\/td>\n\t\t<td>\n\t\t\t<p><span class=\"wpcf7-form-control-wrap\" data-name=\"your-surname\"><input size=\"40\" class=\"wpcf7-form-control wpcf7-text wpcf7-validates-as-required\" aria-required=\"true\" aria-invalid=\"false\" value=\"\" type=\"text\" name=\"your-surname\" \/><\/span>\n\t\t\t<\/p>\n\t\t<\/td>\n\t\t<td class=\"empty\">\n\t\t<\/td>\n\t\t<td>\n\t\t\t<p>Ville\/City:\n\t\t\t<\/p>\n\t\t<\/td>\n\t\t<td>\n\t\t\t<p><span class=\"wpcf7-form-control-wrap\" data-name=\"your-city\"><input size=\"40\" class=\"wpcf7-form-control wpcf7-text wpcf7-validates-as-required\" aria-required=\"true\" aria-invalid=\"false\" value=\"\" type=\"text\" name=\"your-city\" \/><\/span>\n\t\t\t<\/p>\n\t\t<\/td>\n\t<\/tr>\n\t<tr>\n\t\t<td>\n\t\t\t<p>E-mail:\n\t\t\t<\/p>\n\t\t<\/td>\n\t\t<td>\n\t\t\t<p><span class=\"wpcf7-form-control-wrap\" data-name=\"your-email\"><input size=\"40\" class=\"wpcf7-form-control wpcf7-email wpcf7-validates-as-required wpcf7-text wpcf7-validates-as-email\" aria-required=\"true\" aria-invalid=\"false\" value=\"\" type=\"email\" name=\"your-email\" \/><\/span>\n\t\t\t<\/p>\n\t\t<\/td>\n\t\t<td class=\"empty\">\n\t\t<\/td>\n\t\t<td>\n\t\t\t<p>Province:\n\t\t\t<\/p>\n\t\t<\/td>\n\t\t<td>\n\t\t\t<p><span class=\"wpcf7-form-control-wrap\" data-name=\"your-state\"><input size=\"40\" class=\"wpcf7-form-control wpcf7-text wpcf7-validates-as-required\" aria-required=\"true\" aria-invalid=\"false\" value=\"\" type=\"text\" name=\"your-state\" \/><\/span>\n\t\t\t<\/p>\n\t\t<\/td>\n\t<\/tr>\n\t<tr>\n\t\t<td>\n\t\t\t<p>Telephone:\n\t\t\t<\/p>\n\t\t<\/td>\n\t\t<td>\n\t\t\t<p><span class=\"wpcf7-form-control-wrap\" data-name=\"your-phone\"><input size=\"40\" class=\"wpcf7-form-control wpcf7-text wpcf7-validates-as-required\" aria-required=\"true\" aria-invalid=\"false\" value=\"\" type=\"text\" name=\"your-phone\" \/><\/span>\n\t\t\t<\/p>\n\t\t<\/td>\n\t\t<td class=\"empty\">\n\t\t<\/td>\n\t\t<td>\n\t\t\t<p>Pays:\n\t\t\t<\/p>\n\t\t<\/td>\n\t\t<td>\n\t\t\t<p><span class=\"wpcf7-form-control-wrap\" data-name=\"your-country\"><input size=\"40\" class=\"wpcf7-form-control wpcf7-text wpcf7-validates-as-required\" aria-required=\"true\" aria-invalid=\"false\" value=\"\" type=\"text\" name=\"your-country\" \/><\/span>\n\t\t\t<\/p>\n\t\t<\/td>\n\t<\/tr>\n\t<tr>\n\t\t<td>\n\t\t\t<p>Code Postale:\n\t\t\t<\/p>\n\t\t<\/td>\n\t\t<td>\n\t\t\t<p><span class=\"wpcf7-form-control-wrap\" data-name=\"your-zip\"><input size=\"40\" class=\"wpcf7-form-control wpcf7-text wpcf7-validates-as-required\" aria-required=\"true\" aria-invalid=\"false\" value=\"\" type=\"text\" name=\"your-zip\" \/><\/span>\n\t\t\t<\/p>\n\t\t<\/td>\n\t<\/tr>\n\t<tr>\n\t\t<td colspan=\"5\">\n\t\t<\/td>\n\t<\/tr>\n\t<tr>\n\t\t<td colspan=\"5\">\n\t\t\t<p>Requ\u00eate\/Request\n\t\t\t<\/p>\n\t\t<\/td>\n\t<\/tr>\n\t<tr>\n\t\t<td colspan=\"5\">\n\t\t\t<p><span class=\"wpcf7-form-control-wrap\" data-name=\"your-options\"><textarea cols=\"40\" rows=\"10\" class=\"wpcf7-form-control wpcf7-textarea wpcf7-validates-as-required\" aria-required=\"true\" aria-invalid=\"false\" name=\"your-options\"><\/textarea><\/span>\n\t\t\t<\/p>\n\t\t<\/td>\n\t<\/tr>\n\t<tr>\n\t\t<td colspan=\"5\">\n\t\t<\/td>\n\t<\/tr>\n\t<tr>\n\t\t<td colspan=\"5\">\n\t\t\t<p><strong>S\u00e9curit\u00e9\/Security Check<\/strong>\n\t\t\t<\/p>\n\t\t<\/td>\n\t<\/tr>\n\t<tr>\n\t\t<td class=\"empty\">\n\t\t<\/td>\n\t\t<td colspan=\"1\">\n\t\t\t<p><span class=\"wpcf7-form-control-wrap\" data-name=\"acceptance-1\"><span class=\"wpcf7-form-control wpcf7-acceptance\"><span class=\"wpcf7-list-item\"><input type=\"checkbox\" name=\"acceptance-1\" value=\"1\" checked=\"checked\" aria-invalid=\"false\" \/><\/span><\/span><\/span>Je suis d'accord avec les termes et conditions\/I agree with the terms and conditions\n\t\t\t<\/p>\n\t\t<\/td>\n\t\t<td colspan=\"5\">\n\t\t\n\t\t<\/td>\n\t<\/tr>\n\t<tr>\n\t\t<td colspan=\"5\">\n\t\t\t<p><input class=\"wpcf7-form-control wpcf7-submit has-spinner\" type=\"submit\" value=\"Envois\/Send\" \/>\n\t\t\t<\/p>\n\t\t<\/td>\n\t<\/tr>\n<\/table><p style=\"display: none !important;\"><label>&#916;<textarea name=\"_wpcf7_ak_hp_textarea\" cols=\"45\" rows=\"8\" maxlength=\"100\"><\/textarea><\/label><input type=\"hidden\" id=\"ak_js_1\" name=\"_wpcf7_ak_js\" value=\"146\"\/><script>document.getElementById( \"ak_js_1\" ).setAttribute( \"value\", ( new Date() ).getTime() );<\/script><\/p><div class=\"wpcf7-response-output\" aria-hidden=\"true\"><\/div>\n<input type=\"hidden\" name=\"trp-form-language\" value=\"en\"\/><\/form>\n<\/div>","protected":false},"excerpt":{"rendered":"","protected":false},"author":1,"featured_media":0,"parent":0,"menu_order":0,"comment_status":"closed","ping_status":"closed","template":"","meta":{"jetpack_post_was_ever_published":false},"jetpack_sharing_enabled":true,"jetpack_shortlink":"https:\/\/wp.me\/P6NZrO-54","jetpack-related-posts":[{"id":12,"url":"https:\/\/leventdunord.ca\/en\/tarif\/","url_meta":{"origin":314,"position":0},"title":"Tarif","author":"rickthablack","date":"27 August 2015","format":false,"excerpt":"TARIF \u00c0 PARTIR DE unit\u00e9 \u00e0 la semaine \u00c0 PARTIR DE \u00e0 la nuit \u00c0 PARTIR DE No\u00ebl \u00c0 PARTIR DE capacit\u00e9 Le Balcon Tarif pour 2 invit\u00e9 139,00$ 149,00$ 199,00$ 1 \u00e0 2 invit\u00e9 La Terrasse Tarif pour 2 invit\u00e9s 139,00$ 149,00$ 199,00$ invit\u00e9s additionnelles $20.00 Le Studio Tarif\u2026","rel":"","context":"Similar post","block_context":{"text":"Similar post","link":""},"img":{"alt_text":"","src":"","width":0,"height":0},"classes":[]},{"id":291,"url":"https:\/\/leventdunord.ca\/en\/rates\/","url_meta":{"origin":314,"position":1},"title":"Rates","author":"rickthablack","date":"28 September 2015","format":false,"excerpt":"\u00a0\u00a0\u00a0\u00a0\u00a0\u00a0\u00a0\u00a0\u00a0\u00a0\u00a0\u00a0\u00a0\u00a0\u00a0\u00a0\u00a0\u00a0\u00a0\u00a0\u00a0\u00a0\u00a0\u00a0\u00a0\u00a0\u00a0\u00a0\u00a0\u00a0\u00a0\u00a0\u00a0\u00a0\u00a0\u00a0\u00a0\u00a0\u00a0\u00a0\u00a0\u00a0\u00a0\u00a0\u00a0\u00a0\u00a0\u00a0\u00a0\u00a0\u00a0\u00a0\u00a0\u00a0\u00a0\u00a0\u00a0 RATES\u00a0 ARE STARTING AT unit weekly rental STARTING AT nightly rates STARTING AT Christmas STARTING AT capacity Le Balcon Rates for 2 guests 139,00$ 149,00$ 199,00$ 1 to 2 guest La Terrasse Rates for 2 guest 139,00$ 149,00$ 199,00$ extra guest $20.00 Le Studio Rates for 2 guest 159,00$\u2026","rel":"","context":"Similar post","block_context":{"text":"Similar post","link":""},"img":{"alt_text":"","src":"","width":0,"height":0},"classes":[]},{"id":40,"url":"https:\/\/leventdunord.ca\/en\/chalets\/","url_meta":{"origin":314,"position":2},"title":"Chalets","author":"rickthablack","date":"1 September 2015","format":false,"excerpt":"Chalet 5 chambres Avec un acc\u00e8s au lac Sup\u00e9rieur, Le Vent du Nord vous pr\u00e9sente cette maison (convertie en chalet) construite en 1930 et soigneusement r\u00e9nov\u00e9e afin de conserver son cachet d'antan. L'am\u00e9nagement de ce magnifique chalet a \u00e9t\u00e9 compos\u00e9 afin de donner une atmosph\u00e8re accueillante et chaleureuse \u00e0 votre\u2026","rel":"","context":"Similar post","block_context":{"text":"Similar post","link":""},"img":{"alt_text":"Chambre des ma\u00c3\u00aetres Le Vent du Nord","src":"\/wp-content\/uploads\/2015\/09\/chalet_4chambres_leventdunord.jpg","width":350,"height":200},"classes":[]},{"id":5,"url":"https:\/\/leventdunord.ca\/en\/","url_meta":{"origin":314,"position":3},"title":"Accueil","author":"rickthablack","date":"14 August 2015","format":false,"excerpt":"Le Vent du Nord Chalets et Studios Le Vent du Nord vous invitent \u00e0 venir d\u00e9couvrir les magnifiques montagnes des Laurentides. Situ\u00e9 \u00e0 Lac Sup\u00e9rieur, \u00e0 proximit\u00e9 de la station de ski, 7km du Versant-Nord du Mont-Tremblant et \u00e0 quelques pas de sentiers p\u00e9destres, pistes cyclables et sentiers de ski\u2026","rel":"","context":"Similar post","block_context":{"text":"Similar post","link":""},"img":{"alt_text":"","src":"\/wp-content\/uploads\/2015\/09\/reception_chalet_studio_leventdunord.jpg","width":350,"height":200},"classes":[]},{"id":298,"url":"https:\/\/leventdunord.ca\/en\/cottages\/","url_meta":{"origin":314,"position":4},"title":"Cottages","author":"rickthablack","date":"28 September 2015","format":false,"excerpt":"Cottage 5 bedrooms With an acces to Lac Sup\u00e9rieur, this lovely 1930 Country Home converted into a Cottage was cafully restored in order to keep it's original cachet. This very spacious and magnificent Cottage invites you into a warm and welcomming atmosphere for your vacation in the region of Lac\u2026","rel":"","context":"Similar post","block_context":{"text":"Similar post","link":""},"img":{"alt_text":"Master bedroom Le Vent du Nord","src":"\/wp-content\/uploads\/2015\/09\/chalet_4chambres_leventdunord.jpg","width":350,"height":200},"classes":[]}],"_links":{"self":[{"href":"https:\/\/leventdunord.ca\/en\/wp-json\/wp\/v2\/pages\/314"}],"collection":[{"href":"https:\/\/leventdunord.ca\/en\/wp-json\/wp\/v2\/pages"}],"about":[{"href":"https:\/\/leventdunord.ca\/en\/wp-json\/wp\/v2\/types\/page"}],"author":[{"embeddable":true,"href":"https:\/\/leventdunord.ca\/en\/wp-json\/wp\/v2\/users\/1"}],"replies":[{"embeddable":true,"href":"https:\/\/leventdunord.ca\/en\/wp-json\/wp\/v2\/comments?post=314"}],"version-history":[{"count":2,"href":"https:\/\/leventdunord.ca\/en\/wp-json\/wp\/v2\/pages\/314\/revisions"}],"predecessor-version":[{"id":588,"href":"https:\/\/leventdunord.ca\/en\/wp-json\/wp\/v2\/pages\/314\/revisions\/588"}],"wp:attachment":[{"href":"https:\/\/leventdunord.ca\/en\/wp-json\/wp\/v2\/media?parent=314"}],"curies":[{"name":"wp","href":"https:\/\/api.w.org\/{rel}","templated":true}]}}