{"id":36,"date":"2015-09-01T00:16:53","date_gmt":"2015-08-31T23:16:53","guid":{"rendered":"http:\/\/datblack.com\/?page_id=36"},"modified":"2018-06-30T06:31:07","modified_gmt":"2018-06-30T05:31:07","slug":"studios","status":"publish","type":"page","link":"https:\/\/leventdunord.ca\/en\/studios\/","title":{"rendered":"Studios"},"content":{"rendered":"<p>&nbsp;<\/p>\n<table style=\"height: 551px;\" width=\"606\" cellspacing=\"10\">\n<tbody>\n<tr>\n<td valign=\"top\" width=\"370\">\n<p class=\"titre\" style=\"text-align: center;\"><a class=\"titre\" name=\"studio\"><\/a>Le Studio<\/p>\n<p>&nbsp;<\/p>\n<p>L&rsquo;atmosph\u00e8re romanesque du studio s&rsquo;adapte magnifiquement aux couples \u00e0 la recherche d&rsquo;intimit\u00e9.<\/p>\n<p>Le studio vous pr\u00e9sente une chambre \u00e0 coucher \u00e0 aire ouverte sur le salon afin de ne jamais vous perdre de vue.<\/p>\n<p>Le studio met \u00e0 votre disposition :<\/p>\n<ul>\n<li>Chambre, salon et salle \u00e0 diner air ouverte combin\u00e9<\/li>\n<li>Lit queen<\/li>\n<li>Cuisine \u00e9quip\u00e9e<\/li>\n<li>Vue sur la for\u00eat, terrasse<\/li>\n<li>Foyer au bois (bois inclus)<\/li>\n<li>WI-FI<\/li>\n<li>spa ext\u00e9rieur<\/li>\n<\/ul>\n<\/td>\n<td valign=\"top\" width=\"200\"><img decoding=\"async\" loading=\"lazy\" src=\"\/wp-content\/uploads\/2015\/09\/salon_sudio_chalet_studio_leventdunord.jpg\" alt=\"salon avec foyer Le Vent du Nord\" width=\"200\" height=\"150\" border=\"0\" \/><\/p>\n<p><img decoding=\"async\" loading=\"lazy\" src=\"\/wp-content\/uploads\/2015\/09\/chambre_studio_chalet_studio_leventdunord.jpg\" alt=\"chambre \u00e0 coucher salon Le Vent du Nord\" width=\"200\" height=\"133\" border=\"0\" \/><a href=\"https:\/\/i0.wp.com\/leventdunord.ca\/wp-content\/uploads\/2015\/09\/spa_hiver_chalet_studio_leventdunord.jpg\"><img data-attachment-id=\"221\" data-permalink=\"https:\/\/leventdunord.ca\/en\/spa_hiver_chalet_studio_leventdunord\/\" data-orig-file=\"https:\/\/i0.wp.com\/leventdunord.ca\/wp-content\/uploads\/2015\/09\/spa_hiver_chalet_studio_leventdunord.jpg?fit=400%2C300&amp;ssl=1\" data-orig-size=\"400,300\" data-comments-opened=\"1\" data-image-meta=\"{&quot;aperture&quot;:&quot;4.5&quot;,&quot;credit&quot;:&quot;&quot;,&quot;camera&quot;:&quot;Canon PowerShot S1 IS&quot;,&quot;caption&quot;:&quot;&quot;,&quot;created_timestamp&quot;:&quot;1173440646&quot;,&quot;copyright&quot;:&quot;&quot;,&quot;focal_length&quot;:&quot;5.8&quot;,&quot;iso&quot;:&quot;0&quot;,&quot;shutter_speed&quot;:&quot;0.003125&quot;,&quot;title&quot;:&quot;&quot;,&quot;orientation&quot;:&quot;1&quot;}\" data-image-title=\"spa_hiver_chalet_studio_leventdunord\" data-image-description=\"\" data-image-caption=\"\" data-medium-file=\"https:\/\/i0.wp.com\/leventdunord.ca\/wp-content\/uploads\/2015\/09\/spa_hiver_chalet_studio_leventdunord.jpg?fit=300%2C225&amp;ssl=1\" data-large-file=\"https:\/\/i0.wp.com\/leventdunord.ca\/wp-content\/uploads\/2015\/09\/spa_hiver_chalet_studio_leventdunord.jpg?fit=400%2C300&amp;ssl=1\" decoding=\"async\" loading=\"lazy\" class=\"alignnone size-medium wp-image-221\" src=\"https:\/\/i0.wp.com\/leventdunord.ca\/wp-content\/uploads\/2015\/09\/spa_hiver_chalet_studio_leventdunord.jpg?resize=300%2C225\" alt=\"spa_hiver_chalet_studio_leventdunord\" width=\"300\" height=\"225\" srcset=\"https:\/\/i0.wp.com\/leventdunord.ca\/wp-content\/uploads\/2015\/09\/spa_hiver_chalet_studio_leventdunord.jpg?resize=300%2C225&amp;ssl=1 300w, https:\/\/i0.wp.com\/leventdunord.ca\/wp-content\/uploads\/2015\/09\/spa_hiver_chalet_studio_leventdunord.jpg?w=400&amp;ssl=1 400w\" sizes=\"(max-width: 300px) 100vw, 300px\" data-recalc-dims=\"1\" \/><\/a><a href=\"https:\/\/i0.wp.com\/leventdunord.ca\/wp-content\/uploads\/2015\/09\/rose.jpg\"><img data-attachment-id=\"191\" data-permalink=\"https:\/\/leventdunord.ca\/en\/studios\/rose\/\" data-orig-file=\"https:\/\/i0.wp.com\/leventdunord.ca\/wp-content\/uploads\/2015\/09\/rose.jpg?fit=400%2C300&amp;ssl=1\" data-orig-size=\"400,300\" data-comments-opened=\"1\" data-image-meta=\"{&quot;aperture&quot;:&quot;4.5&quot;,&quot;credit&quot;:&quot;&quot;,&quot;camera&quot;:&quot;Canon PowerShot S1 IS&quot;,&quot;caption&quot;:&quot;&quot;,&quot;created_timestamp&quot;:&quot;1156252222&quot;,&quot;copyright&quot;:&quot;&quot;,&quot;focal_length&quot;:&quot;5.895&quot;,&quot;iso&quot;:&quot;0&quot;,&quot;shutter_speed&quot;:&quot;0.0025&quot;,&quot;title&quot;:&quot;&quot;,&quot;orientation&quot;:&quot;1&quot;}\" data-image-title=\"rose\" data-image-description=\"\" data-image-caption=\"\" data-medium-file=\"https:\/\/i0.wp.com\/leventdunord.ca\/wp-content\/uploads\/2015\/09\/rose.jpg?fit=300%2C225&amp;ssl=1\" data-large-file=\"https:\/\/i0.wp.com\/leventdunord.ca\/wp-content\/uploads\/2015\/09\/rose.jpg?fit=400%2C300&amp;ssl=1\" decoding=\"async\" loading=\"lazy\" class=\"alignnone size-medium wp-image-191\" src=\"https:\/\/i0.wp.com\/leventdunord.ca\/wp-content\/uploads\/2015\/09\/rose.jpg?resize=300%2C225\" alt=\"rose\" width=\"300\" height=\"225\" srcset=\"https:\/\/i0.wp.com\/leventdunord.ca\/wp-content\/uploads\/2015\/09\/rose.jpg?resize=300%2C225&amp;ssl=1 300w, https:\/\/i0.wp.com\/leventdunord.ca\/wp-content\/uploads\/2015\/09\/rose.jpg?w=400&amp;ssl=1 400w\" sizes=\"(max-width: 300px) 100vw, 300px\" data-recalc-dims=\"1\" \/><\/a><\/td>\n<\/tr>\n<\/tbody>\n<\/table>\n<table style=\"height: 208px;\" width=\"373\">\n<tbody>\n<tr>\n<td class=\"ligne1\" height=\"2\"><\/td>\n<\/tr>\n<\/tbody>\n<\/table>\n<table cellspacing=\"10\">\n<tbody>\n<tr>\n<td valign=\"top\" width=\"370\">\n<p class=\"titre\" style=\"text-align: center;\"><a class=\"titre\" name=\"balcon\"><\/a>Le Balcon<\/p>\n<p>&nbsp;<\/p>\n<p>Ce studio est d\u00e9cor\u00e9 avec un soin attentif afin d&rsquo;y cr\u00e9er une atmosph\u00e8re accueillante et chaleureuse. Le choix des couleurs sont appropri\u00e9es pour offrir une cuisine claire et agr\u00e9able \u00e0 utiliser. Des teintes plus sobres sont distribu\u00e9es au salon afin d&rsquo;y cr\u00e9er une ambiance chaleureuse et confortable.<\/p>\n<p><img decoding=\"async\" loading=\"lazy\" src=\"\/wp-content\/uploads\/2015\/09\/lebalcon_chambre_centre_leventdunord.jpg\" alt=\"Le Balcon chambre centre Le Vent du Nord\" width=\"370\" height=\"200\" border=\"0\" \/><\/p>\n<p>Le balcon met \u00e0 votre disposition :<\/p>\n<ul>\n<li>Une chambre avec vue sur la for\u00eat<\/li>\n<li>Lit double<\/li>\n<li>Salon, salle \u00e0 diner air ouverte combin\u00e9<\/li>\n<li>Fauteuil ouvrant<\/li>\n<li>D\u00e9cor soign\u00e9<\/li>\n<li>Foyer \u00e9lectrique<\/li>\n<li>WI-FI<\/li>\n<li>spa ext\u00e9rieur<\/li>\n<\/ul>\n<\/td>\n<td valign=\"top\" width=\"200\">&nbsp;<\/p>\n<p><img decoding=\"async\" loading=\"lazy\" src=\"\/wp-content\/uploads\/2015\/09\/studio_condo_chalet_studio_leventdunord.jpg\" alt=\"Le Balcom chambre \u00e0 coucher Le Vent du Nord\" width=\"200\" height=\"150\" border=\"0\" \/><a href=\"https:\/\/i0.wp.com\/leventdunord.ca\/wp-content\/uploads\/2015\/09\/lebalcon_chambre_lit_leventdunord.jpg\"><img data-attachment-id=\"131\" data-permalink=\"https:\/\/leventdunord.ca\/en\/studios\/lebalcon_chambre_lit_leventdunord\/\" data-orig-file=\"https:\/\/i0.wp.com\/leventdunord.ca\/wp-content\/uploads\/2015\/09\/lebalcon_chambre_lit_leventdunord.jpg?fit=640%2C427&amp;ssl=1\" data-orig-size=\"640,427\" data-comments-opened=\"1\" data-image-meta=\"{&quot;aperture&quot;:&quot;4&quot;,&quot;credit&quot;:&quot;&quot;,&quot;camera&quot;:&quot;Canon EOS DIGITAL REBEL XSi&quot;,&quot;caption&quot;:&quot;&quot;,&quot;created_timestamp&quot;:&quot;1355235970&quot;,&quot;copyright&quot;:&quot;&quot;,&quot;focal_length&quot;:&quot;18&quot;,&quot;iso&quot;:&quot;400&quot;,&quot;shutter_speed&quot;:&quot;0.016666666666667&quot;,&quot;title&quot;:&quot;&quot;,&quot;orientation&quot;:&quot;1&quot;}\" data-image-title=\"lebalcon_chambre_lit_leventdunord\" data-image-description=\"\" data-image-caption=\"\" data-medium-file=\"https:\/\/i0.wp.com\/leventdunord.ca\/wp-content\/uploads\/2015\/09\/lebalcon_chambre_lit_leventdunord.jpg?fit=300%2C200&amp;ssl=1\" data-large-file=\"https:\/\/i0.wp.com\/leventdunord.ca\/wp-content\/uploads\/2015\/09\/lebalcon_chambre_lit_leventdunord.jpg?fit=604%2C403&amp;ssl=1\" decoding=\"async\" loading=\"lazy\" class=\"alignnone size-medium wp-image-131\" src=\"https:\/\/i0.wp.com\/leventdunord.ca\/wp-content\/uploads\/2015\/09\/lebalcon_chambre_lit_leventdunord.jpg?resize=300%2C200\" alt=\"lebalcon_chambre_lit_leventdunord\" width=\"300\" height=\"200\" srcset=\"https:\/\/i0.wp.com\/leventdunord.ca\/wp-content\/uploads\/2015\/09\/lebalcon_chambre_lit_leventdunord.jpg?resize=300%2C200&amp;ssl=1 300w, https:\/\/i0.wp.com\/leventdunord.ca\/wp-content\/uploads\/2015\/09\/lebalcon_chambre_lit_leventdunord.jpg?w=640&amp;ssl=1 640w\" sizes=\"(max-width: 300px) 100vw, 300px\" data-recalc-dims=\"1\" \/><\/a><\/p>\n<p><img decoding=\"async\" loading=\"lazy\" src=\"\/wp-content\/uploads\/2015\/09\/studio_tremblant_chalet_studio_leventdunord.jpg\" alt=\"Le Balcon cuisine Le Vent du Nord\" width=\"200\" height=\"150\" border=\"0\" \/><a href=\"https:\/\/i0.wp.com\/leventdunord.ca\/wp-content\/uploads\/2015\/09\/studio_tremblant.jpg\"><img data-attachment-id=\"245\" data-permalink=\"https:\/\/leventdunord.ca\/en\/studios\/studio_tremblant\/\" data-orig-file=\"https:\/\/i0.wp.com\/leventdunord.ca\/wp-content\/uploads\/2015\/09\/studio_tremblant.jpg?fit=200%2C150&amp;ssl=1\" data-orig-size=\"200,150\" data-comments-opened=\"1\" data-image-meta=\"{&quot;aperture&quot;:&quot;2.8&quot;,&quot;credit&quot;:&quot;&quot;,&quot;camera&quot;:&quot;Canon PowerShot S1 IS&quot;,&quot;caption&quot;:&quot;&quot;,&quot;created_timestamp&quot;:&quot;1156252923&quot;,&quot;copyright&quot;:&quot;&quot;,&quot;focal_length&quot;:&quot;5.8&quot;,&quot;iso&quot;:&quot;0&quot;,&quot;shutter_speed&quot;:&quot;0.04&quot;,&quot;title&quot;:&quot;&quot;,&quot;orientation&quot;:&quot;1&quot;}\" data-image-title=\"studio_tremblant\" data-image-description=\"\" data-image-caption=\"\" data-medium-file=\"https:\/\/i0.wp.com\/leventdunord.ca\/wp-content\/uploads\/2015\/09\/studio_tremblant.jpg?fit=200%2C150&amp;ssl=1\" data-large-file=\"https:\/\/i0.wp.com\/leventdunord.ca\/wp-content\/uploads\/2015\/09\/studio_tremblant.jpg?fit=200%2C150&amp;ssl=1\" decoding=\"async\" loading=\"lazy\" class=\"alignnone size-full wp-image-245\" src=\"https:\/\/i0.wp.com\/leventdunord.ca\/wp-content\/uploads\/2015\/09\/studio_tremblant.jpg?resize=200%2C150\" alt=\"studio_tremblant\" width=\"200\" height=\"150\" data-recalc-dims=\"1\" \/><\/a><\/td>\n<\/tr>\n<\/tbody>\n<\/table>\n<table>\n<tbody>\n<tr>\n<td class=\"ligne1\" height=\"2\"><\/td>\n<\/tr>\n<\/tbody>\n<\/table>\n<table cellspacing=\"10\">\n<tbody>\n<tr>\n<td valign=\"top\" width=\"370\">\n<p class=\"titre\" style=\"text-align: center;\"><a class=\"titre\" name=\"terrasse\"><\/a>La Terrasse<\/p>\n<p>Cet appartement plaira particuli\u00e8rement aux amateurs de meubles antique. En autre, l&rsquo;am\u00e9nagement de la cuisinette avec le frigo antique en bois vous charmera instantan\u00e9ment.<\/p>\n<p>Une chambre \u00e0 coucher ferm\u00e9e comprend un lit double. Le salon vous offre un sofa ouvrant, vous permettant deux espaces suppl\u00e9mentaire pour le couch\u00e9.<\/p>\n<p><img decoding=\"async\" loading=\"lazy\" src=\"\/wp-content\/uploads\/2015\/09\/terrasse_leventdunord.jpg\" alt=\"Terrasse\" width=\"370\" height=\"200\" border=\"0\" \/><\/p>\n<p>La terrasse met \u00e0 votre disposition :<\/p>\n<ul>\n<li>Terrasse en pierre<\/li>\n<li>1 c.c. ferm\u00e9e 1 lit double<\/li>\n<li>Salle de bain compl\u00e8te<\/li>\n<li>Salle \u00e0 diner, salon, sofa ouvrant, t.v., c\u00e2ble, frigo antique en bois.<\/li>\n<li>Cuisinette tout \u00e9quip\u00e9e, micro-ondes, terrasse priv\u00e9, ensemble patio, parasol<\/li>\n<li>Foyer au gaz naturel<\/li>\n<li>Air climatis\u00e9<\/li>\n<li>WI-FI<\/li>\n<li>spa ext\u00e9rieur<\/li>\n<\/ul>\n<\/td>\n<td valign=\"top\" width=\"200\"><img decoding=\"async\" loading=\"lazy\" src=\"\/wp-content\/uploads\/2015\/09\/studio_lac_chalet_studio_leventdunord.jpg\" alt=\"salon du studio Terrasse Le Vent du Nord\" width=\"200\" height=\"150\" border=\"0\" \/><\/p>\n<p><img decoding=\"async\" loading=\"lazy\" src=\"\/wp-content\/uploads\/2015\/09\/studio_ski_chalet_studio_leventdunord.jpg\" alt=\"cuisine du studio Terrasse Le Vent du Nord\" width=\"200\" height=\"150\" border=\"0\" \/><\/p>\n<p><img decoding=\"async\" loading=\"lazy\" src=\"\/wp-content\/uploads\/2015\/09\/studio_laurentides_chalet_studio_leventdunord.jpg\" alt=\"chambre \u00e0 coucher Terrasse Le Vent du Nord\" width=\"200\" height=\"150\" border=\"0\" \/><\/td>\n<\/tr>\n<\/tbody>\n<\/table>\n<table>\n<tbody>\n<tr>\n<td class=\"ligne1\" height=\"2\"><\/td>\n<\/tr>\n<\/tbody>\n<\/table>\n<table cellspacing=\"10\">\n<tbody>\n<tr>\n<td valign=\"top\" width=\"370\">\n<p class=\"titre\" style=\"text-align: center;\"><a class=\"titre\" name=\"mezzanine\"><\/a>La Mezzanine<\/p>\n<p>Le Vent du Nord vous pr\u00e9sente La Mezzanine, cet appartement de luxe vous charmera l&rsquo;espace \u00e0 aire ouverte de l&rsquo;ensemble de ses pi\u00e8ces. Sa chambre sur m\u00e9zzanine avec toit cath\u00e9drale vous permet de conserver une vue d&rsquo;ensemble de l&rsquo;appartement sans quitter le confort d&rsquo;un lit douillet.<\/p>\n<p>Un divan ouvrant permettant ainsi deux espaces de couch\u00e9 suppl\u00e9mentaire. Le d\u00e9cor raffin\u00e9 de cet appartement vous comblera d&rsquo;aise.<\/p>\n<p>La terrasse attenante \u00e0 l&rsquo;appartement vous offre tout l&rsquo;\u00e9quipement n\u00e9cessaire pour un repas en plein air. Ensemble de patio, parasol et barbecue y sont disponible.<\/p>\n<p>PHOTO JARDIN COUR ARRI\u00c8RE<\/p>\n<p><img decoding=\"async\" loading=\"lazy\" src=\"\/wp-content\/uploads\/2015\/09\/mezzanine_jardin_spa_leventdunord.jpg\" alt=\"Mezzanine Jardin Spa Le vent du Nord\" width=\"370\" height=\"200\" border=\"0\" \/><\/p>\n<p>La mezzanine met \u00e0 votre disposition :<\/p>\n<ul>\n<li>1 c.c. ferm\u00e9e 1 lit queen<\/li>\n<li>Salle de bain compl\u00e8te<\/li>\n<li>Salle \u00e0 diner, salon, sofa ouvrant, t.v., c\u00e2ble, DVD.<\/li>\n<li>Cuisinette tout \u00e9quip\u00e9e, micro-ondes, terrasse priv\u00e9, ensemble patio, parasol<\/li>\n<li>Foyer au gaz naturel<\/li>\n<li>Air climatis\u00e9<\/li>\n<li>WI-FI<\/li>\n<\/ul>\n<\/td>\n<td valign=\"top\" width=\"200\"><img decoding=\"async\" loading=\"lazy\" src=\"\/wp-content\/uploads\/2015\/09\/studio_lac_superieur_chalet_studio_leventdunord.jpg\" alt=\"salon du studio Mezzanine Le Vent du Nord\" width=\"200\" height=\"150\" border=\"0\" \/><\/p>\n<p><a href=\"https:\/\/i0.wp.com\/leventdunord.ca\/wp-content\/uploads\/2015\/09\/studio_lac_superieur.jpg\"><img data-attachment-id=\"237\" data-permalink=\"https:\/\/leventdunord.ca\/en\/studios\/studio_lac_superieur\/\" data-orig-file=\"https:\/\/i0.wp.com\/leventdunord.ca\/wp-content\/uploads\/2015\/09\/studio_lac_superieur.jpg?fit=200%2C150&amp;ssl=1\" data-orig-size=\"200,150\" data-comments-opened=\"1\" data-image-meta=\"{&quot;aperture&quot;:&quot;2.8&quot;,&quot;credit&quot;:&quot;&quot;,&quot;camera&quot;:&quot;Canon PowerShot S1 IS&quot;,&quot;caption&quot;:&quot;&quot;,&quot;created_timestamp&quot;:&quot;1156253146&quot;,&quot;copyright&quot;:&quot;&quot;,&quot;focal_length&quot;:&quot;5.8&quot;,&quot;iso&quot;:&quot;0&quot;,&quot;shutter_speed&quot;:&quot;0.05&quot;,&quot;title&quot;:&quot;&quot;,&quot;orientation&quot;:&quot;1&quot;}\" data-image-title=\"studio_lac_superieur\" data-image-description=\"\" data-image-caption=\"\" data-medium-file=\"https:\/\/i0.wp.com\/leventdunord.ca\/wp-content\/uploads\/2015\/09\/studio_lac_superieur.jpg?fit=200%2C150&amp;ssl=1\" data-large-file=\"https:\/\/i0.wp.com\/leventdunord.ca\/wp-content\/uploads\/2015\/09\/studio_lac_superieur.jpg?fit=200%2C150&amp;ssl=1\" decoding=\"async\" loading=\"lazy\" class=\"alignnone size-full wp-image-237\" src=\"https:\/\/i0.wp.com\/leventdunord.ca\/wp-content\/uploads\/2015\/09\/studio_lac_superieur.jpg?resize=200%2C150\" alt=\"studio_lac_superieur\" width=\"200\" height=\"150\" data-recalc-dims=\"1\" \/><\/a><\/p>\n<p><img decoding=\"async\" loading=\"lazy\" src=\"\/wp-content\/uploads\/2015\/09\/tremblant_studio_chalet_studio_leventdunord.jpg\" alt=\"terrasse du studio Mezzanine Le Vent du Nord\" width=\"200\" height=\"150\" border=\"0\" \/><\/td>\n<\/tr>\n<\/tbody>\n<\/table>\n<table>\n<tbody>\n<tr>\n<td class=\"ligne1\" height=\"2\"><\/td>\n<\/tr>\n<\/tbody>\n<\/table>\n<table cellspacing=\"10\">\n<tbody>\n<tr>\n<td valign=\"top\" width=\"370\">\n<p class=\"titre\" style=\"text-align: center;\"><a class=\"titre\" name=\"foyer\"><\/a>Le Foyer<\/p>\n<p>Le foyer vous offre tous le confort d&rsquo;un studio laurentien. Avec son salon \/ cuisine \u00e0 aire ouverte vous pourez vous d\u00e9tendre tout en profitant du cr\u00e9pitement du feu.<\/p>\n<p>Le foyer poss\u00e8de une chambre \u00e0 coucher ferm\u00e9e et une salle de bain compl\u00e8te pour votre confort. Un divan ouvrant vous donne deux espaces suppl\u00e9mentaire pour le couch\u00e9.<\/p>\n<p><img decoding=\"async\" loading=\"lazy\" src=\"\/wp-content\/uploads\/2015\/09\/lefoyer_centre_leventdunord.jpg\" alt=\"Le Foyer centre Le Vent du Nord\" width=\"370\" height=\"200\" border=\"0\" \/><\/p>\n<p>Le foyer met \u00e0 votre disposition :<\/p>\n<ul>\n<li>1 c.c. ferm\u00e9e 1 lit queen<\/li>\n<li>Salon, salle \u00e0 diner air ouverte combin\u00e9<\/li>\n<li>Salle de bain compl\u00e8te<\/li>\n<li>Fauteuil ouvrant et d\u00e9cor soign\u00e9<\/li>\n<li>Foyer au bois (bois inclus)<\/li>\n<li>Air climatis\u00e9<\/li>\n<li>WI-FI<\/li>\n<\/ul>\n<\/td>\n<td valign=\"top\" width=\"200\"><img decoding=\"async\" loading=\"lazy\" src=\"\/wp-content\/uploads\/2015\/09\/lefoyer_table_leventdunord.jpg\" alt=\"Le Foyer salon Le Vent du Nord\" width=\"200\" height=\"150\" border=\"0\" \/><\/p>\n<p><img decoding=\"async\" loading=\"lazy\" src=\"\/wp-content\/uploads\/2015\/09\/lefoyer_salon_cuisine_leventdunord.jpg\" alt=\"cuisine et salon Le Vent du Nord\" width=\"200\" height=\"150\" border=\"0\" \/><\/p>\n<p><img decoding=\"async\" loading=\"lazy\" src=\"\/wp-content\/uploads\/2015\/09\/lefoyer_chambre_leventdunord.jpg\" alt=\"chambre \u00e0 coucher Le Vent du Nord\" width=\"200\" height=\"150\" border=\"0\" \/><\/td>\n<\/tr>\n<\/tbody>\n<\/table>","protected":false},"excerpt":{"rendered":"<p>&nbsp; Le Studio &nbsp; L&rsquo;atmosph\u00e8re romanesque du studio s&rsquo;adapte magnifiquement aux couples \u00e0 la recherche d&rsquo;intimit\u00e9. Le studio vous pr\u00e9sente une chambre \u00e0 coucher \u00e0 aire ouverte sur le salon afin de<a class=\"moretag\" href=\"https:\/\/leventdunord.ca\/en\/studios\/\">Read More&#8230;<\/a><\/p>","protected":false},"author":1,"featured_media":0,"parent":0,"menu_order":0,"comment_status":"closed","ping_status":"closed","template":"","meta":{"jetpack_post_was_ever_published":false},"jetpack_sharing_enabled":true,"jetpack_shortlink":"https:\/\/wp.me\/P6NZrO-A","jetpack-related-posts":[{"id":38,"url":"https:\/\/leventdunord.ca\/en\/loft\/","url_meta":{"origin":36,"position":0},"title":"Loft &#038; Suites","author":"rickthablack","date":"1 September 2015","format":false,"excerpt":"\u00a0 Loft & Suites L'am\u00e9nagement de ce superbe loft a \u00e9t\u00e9 compos\u00e9 afin de donner une atmosph\u00e8re de confort et de bien \u00eatre \u00e0 votre s\u00e9jour au Lac Sup\u00e9rieur. Toutes les pi\u00e8ces sont \u00e0 aire ouverte\u00a0 \u00e9clair\u00e9e sur trois c\u00f4t\u00e9 et ce du lever au coucher du soleil. La chambre\u2026","rel":"","context":"Similar post","block_context":{"text":"Similar post","link":""},"img":{"alt_text":"","src":"https:\/\/i0.wp.com\/leventdunord.ca\/wp-content\/uploads\/2015\/09\/www.leventdunord.ca_-1-300x200.jpg?resize=350%2C200","width":350,"height":200},"classes":[]},{"id":40,"url":"https:\/\/leventdunord.ca\/en\/chalets\/","url_meta":{"origin":36,"position":1},"title":"Chalets","author":"rickthablack","date":"1 September 2015","format":false,"excerpt":"Chalet 5 chambres Avec un acc\u00e8s au lac Sup\u00e9rieur, Le Vent du Nord vous pr\u00e9sente cette maison (convertie en chalet) construite en 1930 et soigneusement r\u00e9nov\u00e9e afin de conserver son cachet d'antan. L'am\u00e9nagement de ce magnifique chalet a \u00e9t\u00e9 compos\u00e9 afin de donner une atmosph\u00e8re accueillante et chaleureuse \u00e0 votre\u2026","rel":"","context":"Similar post","block_context":{"text":"Similar post","link":""},"img":{"alt_text":"Chambre des ma\u00c3\u00aetres Le Vent du Nord","src":"\/wp-content\/uploads\/2015\/09\/chalet_4chambres_leventdunord.jpg","width":350,"height":200},"classes":[]},{"id":5,"url":"https:\/\/leventdunord.ca\/en\/","url_meta":{"origin":36,"position":2},"title":"Accueil","author":"rickthablack","date":"14 August 2015","format":false,"excerpt":"Le Vent du Nord Chalets et Studios Le Vent du Nord vous invitent \u00e0 venir d\u00e9couvrir les magnifiques montagnes des Laurentides. Situ\u00e9 \u00e0 Lac Sup\u00e9rieur, \u00e0 proximit\u00e9 de la station de ski, 7km du Versant-Nord du Mont-Tremblant et \u00e0 quelques pas de sentiers p\u00e9destres, pistes cyclables et sentiers de ski\u2026","rel":"","context":"Similar post","block_context":{"text":"Similar post","link":""},"img":{"alt_text":"","src":"\/wp-content\/uploads\/2015\/09\/reception_chalet_studio_leventdunord.jpg","width":350,"height":200},"classes":[]},{"id":12,"url":"https:\/\/leventdunord.ca\/en\/tarif\/","url_meta":{"origin":36,"position":3},"title":"Tarif","author":"rickthablack","date":"27 August 2015","format":false,"excerpt":"TARIF \u00c0 PARTIR DE unit\u00e9 \u00e0 la semaine \u00c0 PARTIR DE \u00e0 la nuit \u00c0 PARTIR DE No\u00ebl \u00c0 PARTIR DE capacit\u00e9 Le Balcon Tarif pour 2 invit\u00e9 139,00$ 149,00$ 199,00$ 1 \u00e0 2 invit\u00e9 La Terrasse Tarif pour 2 invit\u00e9s 139,00$ 149,00$ 199,00$ invit\u00e9s additionnelles $20.00 Le Studio Tarif\u2026","rel":"","context":"Similar post","block_context":{"text":"Similar post","link":""},"img":{"alt_text":"","src":"","width":0,"height":0},"classes":[]},{"id":305,"url":"https:\/\/leventdunord.ca\/en\/studios_en\/","url_meta":{"origin":36,"position":4},"title":"Studios","author":"rickthablack","date":"29 September 2015","format":false,"excerpt":"\u00a0 Le Studio For a romantic escapade, come and pass a few days in the studio. The atmosphere of this quaint little unit is perfect for the couples who are looking for intimate time. The Studio presents you with a bedroom with open space lookig on to the living room\u2026","rel":"","context":"Similar post","block_context":{"text":"Similar post","link":""},"img":{"alt_text":"Le Balcon center room Le Vent du Nord","src":"\/wp-content\/uploads\/2015\/09\/lebalcon_chambre_centre_leventdunord.jpg","width":350,"height":200},"classes":[]},{"id":267,"url":"https:\/\/leventdunord.ca\/en\/home\/","url_meta":{"origin":36,"position":5},"title":"Home","author":"rickthablack","date":"28 September 2015","format":false,"excerpt":"Le Vent du Nord Le Vent du Nord invites you to come and discover the magnificent mountains of the Laurentians in the Mont Tremblant region. Situated in Lac Sup\u00e9rieur, only 7min. or 7kilometres, away from Mont Tremblant Station and ski resort. 10 min. away from the National Parc of Mont\u2026","rel":"","context":"Similar post","block_context":{"text":"Similar post","link":""},"img":{"alt_text":"","src":"\/wp-content\/uploads\/2015\/09\/reception_chalet_studio_leventdunord.jpg","width":350,"height":200},"classes":[]}],"_links":{"self":[{"href":"https:\/\/leventdunord.ca\/en\/wp-json\/wp\/v2\/pages\/36"}],"collection":[{"href":"https:\/\/leventdunord.ca\/en\/wp-json\/wp\/v2\/pages"}],"about":[{"href":"https:\/\/leventdunord.ca\/en\/wp-json\/wp\/v2\/types\/page"}],"author":[{"embeddable":true,"href":"https:\/\/leventdunord.ca\/en\/wp-json\/wp\/v2\/users\/1"}],"replies":[{"embeddable":true,"href":"https:\/\/leventdunord.ca\/en\/wp-json\/wp\/v2\/comments?post=36"}],"version-history":[{"count":10,"href":"https:\/\/leventdunord.ca\/en\/wp-json\/wp\/v2\/pages\/36\/revisions"}],"predecessor-version":[{"id":505,"href":"https:\/\/leventdunord.ca\/en\/wp-json\/wp\/v2\/pages\/36\/revisions\/505"}],"wp:attachment":[{"href":"https:\/\/leventdunord.ca\/en\/wp-json\/wp\/v2\/media?parent=36"}],"curies":[{"name":"wp","href":"https:\/\/api.w.org\/{rel}","templated":true}]}}