{"id":5,"date":"2015-08-14T05:31:48","date_gmt":"2015-08-14T04:31:48","guid":{"rendered":"http:\/\/datblack.com\/?page_id=5"},"modified":"2019-02-06T04:03:46","modified_gmt":"2019-02-06T03:03:46","slug":"accueil","status":"publish","type":"page","link":"https:\/\/leventdunord.ca\/en\/","title":{"rendered":"Accueil"},"content":{"rendered":"<p class=\"titre\">Le Vent du Nord<\/p>\n<p>Chalets et Studios Le Vent du Nord vous invitent \u00e0 venir d\u00e9couvrir les magnifiques montagnes des Laurentides. Situ\u00e9 \u00e0 Lac Sup\u00e9rieur, \u00e0 proximit\u00e9 de la station de ski, 7km du Versant-Nord du Mont-Tremblant et \u00e0 quelques pas de sentiers p\u00e9destres, pistes cyclables et sentiers de ski de randonn\u00e9e (ski de fond), chalets et studios le Vent du Nord est l&rsquo;endroit id\u00e9al pour les vacances en famille, en couple ou encore pour se ressourcer loin des grands centres urbains.<\/p>\n<p><img decoding=\"async\" loading=\"lazy\" src=\"\/wp-content\/uploads\/2015\/09\/reception_chalet_studio_leventdunord.jpg\" alt=\"\" width=\"300\" height=\"225\" align=\"right\" border=\"0\" hspace=\"10\" vspace=\"5\" \/><\/p>\n<p>Laissez-vous envahir par l&rsquo;air pur des montagnes du Mont-Tremblant tout en profitant de la tranquillit\u00e9 que vous offrent la municipalit\u00e9 de Lac Sup\u00e9rieur en retrait de moins d&rsquo;une dizaine de kilom\u00e8tre\u00a0 du village et de la station du Mont-Tremblant.<\/p>\n<p>Chalets et Studios Le Vent du Nord vous offrent trois (3) splendides\u00a0chalets, loft et sept (7) appartements de luxe, le tout \u00e0 des prix abordable pour tous. Chaque chalet et studio comprend au moins une salle de bain compl\u00e8te, une cuisine enti\u00e8rement \u00e9quip\u00e9e (micro-onde, cafeti\u00e8re, etc.), un t\u00e9l\u00e9viseur avec c\u00e2ble et syst\u00e8me DVD. Toutes les unit\u00e9s sont install\u00e9es avec foyers au bois ou au gaz (le bois est inclus dans la location).<\/p>\n<p>Chaque unit\u00e9 comporte une terrasse \u00e9quip\u00e9 d&rsquo;un ensemble de patio avec parasol, et d&rsquo;un BBQ priv\u00e9. L&rsquo;acc\u00e8s au lac quai flottant et embarcation est disponible pour chaque unit\u00e9.<\/p>\n<p>Un magnifique spa en plein air est mis \u00e0 la disposition des studios aux plaisirs de vos 4 saisons . La temp\u00e9rature du spa est maintenue \u00e0 une temp\u00e9rature de 103<sup>o<\/sup>F tout au long de la saison froide. Id\u00e9al pour boucler une merveilleuse journ\u00e9e de plein air.<\/p>\n<p>Acc\u00e8s aux lac sup\u00e9rieur embarcation quais flottant inclus<\/p>","protected":false},"excerpt":{"rendered":"<p>Le Vent du Nord Chalets et Studios Le Vent du Nord vous invitent \u00e0 venir d\u00e9couvrir les magnifiques montagnes des Laurentides. Situ\u00e9 \u00e0 Lac Sup\u00e9rieur, \u00e0 proximit\u00e9 de la station de ski,<a class=\"moretag\" href=\"https:\/\/leventdunord.ca\/en\/\">Read More&#8230;<\/a><\/p>","protected":false},"author":1,"featured_media":0,"parent":0,"menu_order":0,"comment_status":"closed","ping_status":"closed","template":"","meta":{"jetpack_post_was_ever_published":false},"jetpack_sharing_enabled":true,"jetpack_shortlink":"https:\/\/wp.me\/P6NZrO-5","jetpack-related-posts":[{"id":40,"url":"https:\/\/leventdunord.ca\/en\/chalets\/","url_meta":{"origin":5,"position":0},"title":"Chalets","author":"rickthablack","date":"1 September 2015","format":false,"excerpt":"Chalet 5 chambres Avec un acc\u00e8s au lac Sup\u00e9rieur, Le Vent du Nord vous pr\u00e9sente cette maison (convertie en chalet) construite en 1930 et soigneusement r\u00e9nov\u00e9e afin de conserver son cachet d'antan. L'am\u00e9nagement de ce magnifique chalet a \u00e9t\u00e9 compos\u00e9 afin de donner une atmosph\u00e8re accueillante et chaleureuse \u00e0 votre\u2026","rel":"","context":"Similar post","block_context":{"text":"Similar post","link":""},"img":{"alt_text":"Chambre des ma\u00c3\u00aetres Le Vent du Nord","src":"\/wp-content\/uploads\/2015\/09\/chalet_4chambres_leventdunord.jpg","width":350,"height":200},"classes":[]},{"id":267,"url":"https:\/\/leventdunord.ca\/en\/home\/","url_meta":{"origin":5,"position":1},"title":"Home","author":"rickthablack","date":"28 September 2015","format":false,"excerpt":"Le Vent du Nord Le Vent du Nord invites you to come and discover the magnificent mountains of the Laurentians in the Mont Tremblant region. Situated in Lac Sup\u00e9rieur, only 7min. or 7kilometres, away from Mont Tremblant Station and ski resort. 10 min. away from the National Parc of Mont\u2026","rel":"","context":"Similar post","block_context":{"text":"Similar post","link":""},"img":{"alt_text":"","src":"\/wp-content\/uploads\/2015\/09\/reception_chalet_studio_leventdunord.jpg","width":350,"height":200},"classes":[]},{"id":17,"url":"https:\/\/leventdunord.ca\/en\/activites\/","url_meta":{"origin":5,"position":2},"title":"Activit\u00e9s","author":"rickthablack","date":"27 August 2015","format":false,"excerpt":"Activit\u00e9s \u00e0 proximit\u00e9 Venez profiter de la multitude d'activit\u00e9s que vous offre la r\u00e9gion du Mont-Tremblant. A quelques distances de nos superbes chalets, loft et studios, profitez des terrains de golf, des activit\u00e9s en montagne, des activit\u00e9s nautique, et bien d'autres activit\u00e9s \u00e0 votre disposition pour agr\u00e9menter vos vacances. Situ\u00e9\u2026","rel":"","context":"Similar post","block_context":{"text":"Similar post","link":""},"img":{"alt_text":"","src":"\/wp-content\/uploads\/2015\/09\/canot_chalet_studio_leventdunord.jpg","width":350,"height":200},"classes":[]},{"id":298,"url":"https:\/\/leventdunord.ca\/en\/cottages\/","url_meta":{"origin":5,"position":3},"title":"Cottages","author":"rickthablack","date":"28 September 2015","format":false,"excerpt":"Cottage 5 bedrooms With an acces to Lac Sup\u00e9rieur, this lovely 1930 Country Home converted into a Cottage was cafully restored in order to keep it's original cachet. This very spacious and magnificent Cottage invites you into a warm and welcomming atmosphere for your vacation in the region of Lac\u2026","rel":"","context":"Similar post","block_context":{"text":"Similar post","link":""},"img":{"alt_text":"Master bedroom Le Vent du Nord","src":"\/wp-content\/uploads\/2015\/09\/chalet_4chambres_leventdunord.jpg","width":350,"height":200},"classes":[]},{"id":38,"url":"https:\/\/leventdunord.ca\/en\/loft\/","url_meta":{"origin":5,"position":4},"title":"Loft &#038; Suites","author":"rickthablack","date":"1 September 2015","format":false,"excerpt":"\u00a0 Loft & Suites L'am\u00e9nagement de ce superbe loft a \u00e9t\u00e9 compos\u00e9 afin de donner une atmosph\u00e8re de confort et de bien \u00eatre \u00e0 votre s\u00e9jour au Lac Sup\u00e9rieur. Toutes les pi\u00e8ces sont \u00e0 aire ouverte\u00a0 \u00e9clair\u00e9e sur trois c\u00f4t\u00e9 et ce du lever au coucher du soleil. La chambre\u2026","rel":"","context":"Similar post","block_context":{"text":"Similar post","link":""},"img":{"alt_text":"","src":"https:\/\/i0.wp.com\/leventdunord.ca\/wp-content\/uploads\/2015\/09\/www.leventdunord.ca_-1-300x200.jpg?resize=350%2C200","width":350,"height":200},"classes":[]},{"id":272,"url":"https:\/\/leventdunord.ca\/en\/activities\/","url_meta":{"origin":5,"position":5},"title":"Activities","author":"rickthablack","date":"28 September 2015","format":false,"excerpt":"\u00a0 Close by activities Come and enjoy a multitude of avtivities offerd in the region of Mont Tremblant. A short distance away from our lovely Chalets Loft and Studios, enjoy all the golfing courses, montain activiteis, water activities, and many other activities available to make your vacation a very pleasant\u2026","rel":"","context":"Similar post","block_context":{"text":"Similar post","link":""},"img":{"alt_text":"","src":"\/wp-content\/uploads\/2015\/09\/canot_chalet_studio_leventdunord.jpg","width":350,"height":200},"classes":[]}],"_links":{"self":[{"href":"https:\/\/leventdunord.ca\/en\/wp-json\/wp\/v2\/pages\/5"}],"collection":[{"href":"https:\/\/leventdunord.ca\/en\/wp-json\/wp\/v2\/pages"}],"about":[{"href":"https:\/\/leventdunord.ca\/en\/wp-json\/wp\/v2\/types\/page"}],"author":[{"embeddable":true,"href":"https:\/\/leventdunord.ca\/en\/wp-json\/wp\/v2\/users\/1"}],"replies":[{"embeddable":true,"href":"https:\/\/leventdunord.ca\/en\/wp-json\/wp\/v2\/comments?post=5"}],"version-history":[{"count":8,"href":"https:\/\/leventdunord.ca\/en\/wp-json\/wp\/v2\/pages\/5\/revisions"}],"predecessor-version":[{"id":506,"href":"https:\/\/leventdunord.ca\/en\/wp-json\/wp\/v2\/pages\/5\/revisions\/506"}],"wp:attachment":[{"href":"https:\/\/leventdunord.ca\/en\/wp-json\/wp\/v2\/media?parent=5"}],"curies":[{"name":"wp","href":"https:\/\/api.w.org\/{rel}","templated":true}]}}